{"id":53,"date":"2019-02-19T04:02:50","date_gmt":"2019-02-19T03:02:50","guid":{"rendered":"http:\/\/cameratamazovia.pl\/?page_id=53"},"modified":"2019-02-19T11:58:05","modified_gmt":"2019-02-19T10:58:05","slug":"2018%ef%bb%bf","status":"publish","type":"page","link":"https:\/\/cameratamazovia.pl\/?page_id=53","title":{"rendered":"2018\ufeff"},"content":{"rendered":"\n<p class=\"has-drop-cap has-medium-font-size\">\u201e<strong>Niepodleg\u0142a\n&#8211; I iskra tylko\u201d <\/strong>to\nmusical oparty na w\u0142asnym scenariuszu i muzyce, kt\u00f3r\u0105 skomponowa\u0142\nJakub Krukowski \u2013 kompozytor, muzyk i wokalista zwi\u0105zany przez\nwiele lat z Teatrem Buffo oraz regularnie wsp\u00f3\u0142pracuj\u0105cy m.in. z\nKrzesimirem D\u0119bskim i Januszem Stok\u0142os\u0105, wyk\u0142adowca\nuniwersytecki. \n<\/p>\n\n\n\n<p class=\"has-medium-font-size\">Pomys\u0142odawc\u0105 musicalu \u201eNiepodleg\u0142a \u2013 I ISKRA TYLKO\u201d by\u0142 Artur Komorowski dyrygent, dyrektor Sochaczewskiego Centrum Kultury, kt\u00f3ry do wsp\u00f3\u0142pracy w produkcji przedstawienia zaprosi\u0142 Dawida \u017bakowskiego \u2013 aktora, re\u017cysera i pedagoga teatralnego,  oraz Monik\u0119 Osieck\u0105-Jaworsk\u0105 \u2013 choreografk\u0119, tancerk\u0119, instruktork\u0119 ta\u0144ca. Jest to przedstawienie przygotowane przez profesjonalist\u00f3w i specjalist\u00f3w w swoich dziedzinach, co daje gwarancj\u0119 widowiska na wysokim poziomie artystycznym. Istotnym elementem spektaklu s\u0105 materia\u0142y filmowe oraz wizualizacje przygotowane specjalnie na jego potrzeby przez filmowca i performera Gamida Ibadullayeva.<\/p>\n\n\n\n<ul class=\"wp-block-gallery columns-3 is-cropped wp-block-gallery-1 is-layout-flex wp-block-gallery-is-layout-flex\"><li class=\"blocks-gallery-item\"><figure><img fetchpriority=\"high\" decoding=\"async\" width=\"1024\" height=\"683\" src=\"http:\/\/cameratamazovia.pl\/wp-content\/uploads\/2019\/02\/1-1-1024x683.jpg\" alt=\"\" data-id=\"156\" data-link=\"http:\/\/cameratamazovia.pl\/?attachment_id=156\" class=\"wp-image-156\" srcset=\"https:\/\/cameratamazovia.pl\/wp-content\/uploads\/2019\/02\/1-1-1024x683.jpg 1024w, https:\/\/cameratamazovia.pl\/wp-content\/uploads\/2019\/02\/1-1-300x200.jpg 300w, https:\/\/cameratamazovia.pl\/wp-content\/uploads\/2019\/02\/1-1-768x512.jpg 768w, https:\/\/cameratamazovia.pl\/wp-content\/uploads\/2019\/02\/1-1-800x533.jpg 800w\" sizes=\"(max-width: 1024px) 100vw, 1024px\" \/><\/figure><\/li><li class=\"blocks-gallery-item\"><figure><img decoding=\"async\" width=\"1024\" height=\"683\" src=\"http:\/\/cameratamazovia.pl\/wp-content\/uploads\/2019\/02\/2-1-1024x683.jpg\" alt=\"\" data-id=\"157\" data-link=\"http:\/\/cameratamazovia.pl\/?attachment_id=157\" class=\"wp-image-157\" srcset=\"https:\/\/cameratamazovia.pl\/wp-content\/uploads\/2019\/02\/2-1-1024x683.jpg 1024w, https:\/\/cameratamazovia.pl\/wp-content\/uploads\/2019\/02\/2-1-300x200.jpg 300w, https:\/\/cameratamazovia.pl\/wp-content\/uploads\/2019\/02\/2-1-768x512.jpg 768w, https:\/\/cameratamazovia.pl\/wp-content\/uploads\/2019\/02\/2-1-800x533.jpg 800w\" sizes=\"(max-width: 1024px) 100vw, 1024px\" \/><\/figure><\/li><li class=\"blocks-gallery-item\"><figure><img decoding=\"async\" width=\"1024\" height=\"683\" src=\"http:\/\/cameratamazovia.pl\/wp-content\/uploads\/2019\/02\/3-1-1024x683.jpg\" alt=\"\" data-id=\"158\" data-link=\"http:\/\/cameratamazovia.pl\/?attachment_id=158\" class=\"wp-image-158\" srcset=\"https:\/\/cameratamazovia.pl\/wp-content\/uploads\/2019\/02\/3-1-1024x683.jpg 1024w, https:\/\/cameratamazovia.pl\/wp-content\/uploads\/2019\/02\/3-1-300x200.jpg 300w, https:\/\/cameratamazovia.pl\/wp-content\/uploads\/2019\/02\/3-1-768x512.jpg 768w, https:\/\/cameratamazovia.pl\/wp-content\/uploads\/2019\/02\/3-1-800x533.jpg 800w\" sizes=\"(max-width: 1024px) 100vw, 1024px\" \/><\/figure><\/li><li class=\"blocks-gallery-item\"><figure><img loading=\"lazy\" decoding=\"async\" width=\"1024\" height=\"683\" src=\"http:\/\/cameratamazovia.pl\/wp-content\/uploads\/2019\/02\/4-1024x683.jpg\" alt=\"\" data-id=\"159\" data-link=\"http:\/\/cameratamazovia.pl\/?attachment_id=159\" class=\"wp-image-159\" srcset=\"https:\/\/cameratamazovia.pl\/wp-content\/uploads\/2019\/02\/4-1024x683.jpg 1024w, https:\/\/cameratamazovia.pl\/wp-content\/uploads\/2019\/02\/4-300x200.jpg 300w, https:\/\/cameratamazovia.pl\/wp-content\/uploads\/2019\/02\/4-768x512.jpg 768w, https:\/\/cameratamazovia.pl\/wp-content\/uploads\/2019\/02\/4-800x533.jpg 800w\" sizes=\"(max-width: 1024px) 100vw, 1024px\" \/><\/figure><\/li><li class=\"blocks-gallery-item\"><figure><img loading=\"lazy\" decoding=\"async\" width=\"1024\" height=\"683\" src=\"http:\/\/cameratamazovia.pl\/wp-content\/uploads\/2019\/02\/5-1024x683.jpg\" alt=\"\" data-id=\"160\" data-link=\"http:\/\/cameratamazovia.pl\/?attachment_id=160\" class=\"wp-image-160\" srcset=\"https:\/\/cameratamazovia.pl\/wp-content\/uploads\/2019\/02\/5-1024x683.jpg 1024w, https:\/\/cameratamazovia.pl\/wp-content\/uploads\/2019\/02\/5-300x200.jpg 300w, https:\/\/cameratamazovia.pl\/wp-content\/uploads\/2019\/02\/5-768x512.jpg 768w, https:\/\/cameratamazovia.pl\/wp-content\/uploads\/2019\/02\/5-800x533.jpg 800w\" sizes=\"(max-width: 1024px) 100vw, 1024px\" \/><\/figure><\/li><li class=\"blocks-gallery-item\"><figure><img loading=\"lazy\" decoding=\"async\" width=\"1024\" height=\"683\" src=\"http:\/\/cameratamazovia.pl\/wp-content\/uploads\/2019\/02\/6-1024x683.jpg\" alt=\"\" data-id=\"161\" data-link=\"http:\/\/cameratamazovia.pl\/?attachment_id=161\" class=\"wp-image-161\" srcset=\"https:\/\/cameratamazovia.pl\/wp-content\/uploads\/2019\/02\/6-1024x683.jpg 1024w, https:\/\/cameratamazovia.pl\/wp-content\/uploads\/2019\/02\/6-300x200.jpg 300w, https:\/\/cameratamazovia.pl\/wp-content\/uploads\/2019\/02\/6-768x512.jpg 768w, https:\/\/cameratamazovia.pl\/wp-content\/uploads\/2019\/02\/6-800x533.jpg 800w\" sizes=\"(max-width: 1024px) 100vw, 1024px\" \/><\/figure><\/li><li class=\"blocks-gallery-item\"><figure><img loading=\"lazy\" decoding=\"async\" width=\"1024\" height=\"683\" src=\"http:\/\/cameratamazovia.pl\/wp-content\/uploads\/2019\/02\/7-1024x683.jpg\" alt=\"\" data-id=\"162\" data-link=\"http:\/\/cameratamazovia.pl\/?attachment_id=162\" class=\"wp-image-162\" srcset=\"https:\/\/cameratamazovia.pl\/wp-content\/uploads\/2019\/02\/7-1024x683.jpg 1024w, https:\/\/cameratamazovia.pl\/wp-content\/uploads\/2019\/02\/7-300x200.jpg 300w, https:\/\/cameratamazovia.pl\/wp-content\/uploads\/2019\/02\/7-768x512.jpg 768w, https:\/\/cameratamazovia.pl\/wp-content\/uploads\/2019\/02\/7-800x533.jpg 800w\" sizes=\"(max-width: 1024px) 100vw, 1024px\" \/><\/figure><\/li><li class=\"blocks-gallery-item\"><figure><img loading=\"lazy\" decoding=\"async\" width=\"1024\" height=\"683\" src=\"http:\/\/cameratamazovia.pl\/wp-content\/uploads\/2019\/02\/8-1024x683.jpg\" alt=\"\" data-id=\"163\" data-link=\"http:\/\/cameratamazovia.pl\/?attachment_id=163\" class=\"wp-image-163\" srcset=\"https:\/\/cameratamazovia.pl\/wp-content\/uploads\/2019\/02\/8-1024x683.jpg 1024w, https:\/\/cameratamazovia.pl\/wp-content\/uploads\/2019\/02\/8-300x200.jpg 300w, https:\/\/cameratamazovia.pl\/wp-content\/uploads\/2019\/02\/8-768x512.jpg 768w, https:\/\/cameratamazovia.pl\/wp-content\/uploads\/2019\/02\/8-800x533.jpg 800w\" sizes=\"(max-width: 1024px) 100vw, 1024px\" \/><\/figure><\/li><li class=\"blocks-gallery-item\"><figure><img loading=\"lazy\" decoding=\"async\" width=\"1024\" height=\"683\" src=\"http:\/\/cameratamazovia.pl\/wp-content\/uploads\/2019\/02\/9-1024x683.jpg\" alt=\"\" data-id=\"164\" data-link=\"http:\/\/cameratamazovia.pl\/?attachment_id=164\" class=\"wp-image-164\" srcset=\"https:\/\/cameratamazovia.pl\/wp-content\/uploads\/2019\/02\/9-1024x683.jpg 1024w, https:\/\/cameratamazovia.pl\/wp-content\/uploads\/2019\/02\/9-300x200.jpg 300w, https:\/\/cameratamazovia.pl\/wp-content\/uploads\/2019\/02\/9-768x512.jpg 768w, https:\/\/cameratamazovia.pl\/wp-content\/uploads\/2019\/02\/9-800x533.jpg 800w\" sizes=\"(max-width: 1024px) 100vw, 1024px\" \/><\/figure><\/li><li class=\"blocks-gallery-item\"><figure><img loading=\"lazy\" decoding=\"async\" width=\"1024\" height=\"683\" src=\"http:\/\/cameratamazovia.pl\/wp-content\/uploads\/2019\/02\/1-2-1024x683.jpg\" alt=\"\" data-id=\"165\" data-link=\"http:\/\/cameratamazovia.pl\/?attachment_id=165\" class=\"wp-image-165\" srcset=\"https:\/\/cameratamazovia.pl\/wp-content\/uploads\/2019\/02\/1-2-1024x683.jpg 1024w, https:\/\/cameratamazovia.pl\/wp-content\/uploads\/2019\/02\/1-2-300x200.jpg 300w, https:\/\/cameratamazovia.pl\/wp-content\/uploads\/2019\/02\/1-2-768x512.jpg 768w, https:\/\/cameratamazovia.pl\/wp-content\/uploads\/2019\/02\/1-2-800x533.jpg 800w\" sizes=\"(max-width: 1024px) 100vw, 1024px\" \/><\/figure><\/li><li class=\"blocks-gallery-item\"><figure><img loading=\"lazy\" decoding=\"async\" width=\"1024\" height=\"683\" src=\"http:\/\/cameratamazovia.pl\/wp-content\/uploads\/2019\/02\/2-2-1024x683.jpg\" alt=\"\" data-id=\"166\" data-link=\"http:\/\/cameratamazovia.pl\/?attachment_id=166\" class=\"wp-image-166\" srcset=\"https:\/\/cameratamazovia.pl\/wp-content\/uploads\/2019\/02\/2-2-1024x683.jpg 1024w, https:\/\/cameratamazovia.pl\/wp-content\/uploads\/2019\/02\/2-2-300x200.jpg 300w, https:\/\/cameratamazovia.pl\/wp-content\/uploads\/2019\/02\/2-2-768x512.jpg 768w, https:\/\/cameratamazovia.pl\/wp-content\/uploads\/2019\/02\/2-2-800x533.jpg 800w\" sizes=\"(max-width: 1024px) 100vw, 1024px\" \/><\/figure><\/li><li class=\"blocks-gallery-item\"><figure><img loading=\"lazy\" decoding=\"async\" width=\"1024\" height=\"683\" src=\"http:\/\/cameratamazovia.pl\/wp-content\/uploads\/2019\/02\/3-2-1024x683.jpg\" alt=\"\" data-id=\"167\" data-link=\"http:\/\/cameratamazovia.pl\/?attachment_id=167\" class=\"wp-image-167\" srcset=\"https:\/\/cameratamazovia.pl\/wp-content\/uploads\/2019\/02\/3-2-1024x683.jpg 1024w, https:\/\/cameratamazovia.pl\/wp-content\/uploads\/2019\/02\/3-2-300x200.jpg 300w, https:\/\/cameratamazovia.pl\/wp-content\/uploads\/2019\/02\/3-2-768x512.jpg 768w, https:\/\/cameratamazovia.pl\/wp-content\/uploads\/2019\/02\/3-2-800x533.jpg 800w\" sizes=\"(max-width: 1024px) 100vw, 1024px\" \/><\/figure><\/li><li class=\"blocks-gallery-item\"><figure><img loading=\"lazy\" decoding=\"async\" width=\"1024\" height=\"683\" src=\"http:\/\/cameratamazovia.pl\/wp-content\/uploads\/2019\/02\/4-1-1024x683.jpg\" alt=\"\" data-id=\"168\" data-link=\"http:\/\/cameratamazovia.pl\/?attachment_id=168\" class=\"wp-image-168\" srcset=\"https:\/\/cameratamazovia.pl\/wp-content\/uploads\/2019\/02\/4-1-1024x683.jpg 1024w, https:\/\/cameratamazovia.pl\/wp-content\/uploads\/2019\/02\/4-1-300x200.jpg 300w, https:\/\/cameratamazovia.pl\/wp-content\/uploads\/2019\/02\/4-1-768x512.jpg 768w, https:\/\/cameratamazovia.pl\/wp-content\/uploads\/2019\/02\/4-1-800x533.jpg 800w\" sizes=\"(max-width: 1024px) 100vw, 1024px\" \/><\/figure><\/li><li class=\"blocks-gallery-item\"><figure><img loading=\"lazy\" decoding=\"async\" width=\"1024\" height=\"683\" src=\"http:\/\/cameratamazovia.pl\/wp-content\/uploads\/2019\/02\/5-1-1024x683.jpg\" alt=\"\" data-id=\"169\" data-link=\"http:\/\/cameratamazovia.pl\/?attachment_id=169\" class=\"wp-image-169\" srcset=\"https:\/\/cameratamazovia.pl\/wp-content\/uploads\/2019\/02\/5-1-1024x683.jpg 1024w, https:\/\/cameratamazovia.pl\/wp-content\/uploads\/2019\/02\/5-1-300x200.jpg 300w, https:\/\/cameratamazovia.pl\/wp-content\/uploads\/2019\/02\/5-1-768x512.jpg 768w, https:\/\/cameratamazovia.pl\/wp-content\/uploads\/2019\/02\/5-1-800x533.jpg 800w\" sizes=\"(max-width: 1024px) 100vw, 1024px\" \/><\/figure><\/li><li class=\"blocks-gallery-item\"><figure><img loading=\"lazy\" decoding=\"async\" width=\"1024\" height=\"683\" src=\"http:\/\/cameratamazovia.pl\/wp-content\/uploads\/2019\/02\/6-1-1024x683.jpg\" alt=\"\" data-id=\"170\" data-link=\"http:\/\/cameratamazovia.pl\/?attachment_id=170\" class=\"wp-image-170\" srcset=\"https:\/\/cameratamazovia.pl\/wp-content\/uploads\/2019\/02\/6-1-1024x683.jpg 1024w, https:\/\/cameratamazovia.pl\/wp-content\/uploads\/2019\/02\/6-1-300x200.jpg 300w, https:\/\/cameratamazovia.pl\/wp-content\/uploads\/2019\/02\/6-1-768x512.jpg 768w, https:\/\/cameratamazovia.pl\/wp-content\/uploads\/2019\/02\/6-1-800x533.jpg 800w\" sizes=\"(max-width: 1024px) 100vw, 1024px\" \/><\/figure><\/li><li class=\"blocks-gallery-item\"><figure><img loading=\"lazy\" decoding=\"async\" width=\"683\" height=\"1024\" src=\"http:\/\/cameratamazovia.pl\/wp-content\/uploads\/2019\/02\/7-1-e1550573665982-683x1024.jpg\" alt=\"\" data-id=\"171\" data-link=\"http:\/\/cameratamazovia.pl\/?attachment_id=171\" class=\"wp-image-171\" srcset=\"https:\/\/cameratamazovia.pl\/wp-content\/uploads\/2019\/02\/7-1-e1550573665982-683x1024.jpg 683w, https:\/\/cameratamazovia.pl\/wp-content\/uploads\/2019\/02\/7-1-e1550573665982-200x300.jpg 200w, https:\/\/cameratamazovia.pl\/wp-content\/uploads\/2019\/02\/7-1-e1550573665982-768x1152.jpg 768w, https:\/\/cameratamazovia.pl\/wp-content\/uploads\/2019\/02\/7-1-e1550573665982-800x1200.jpg 800w\" sizes=\"(max-width: 683px) 100vw, 683px\" \/><\/figure><\/li><li class=\"blocks-gallery-item\"><figure><img loading=\"lazy\" decoding=\"async\" width=\"683\" height=\"1024\" src=\"http:\/\/cameratamazovia.pl\/wp-content\/uploads\/2019\/02\/8-1-683x1024.jpg\" alt=\"\" data-id=\"172\" data-link=\"http:\/\/cameratamazovia.pl\/?attachment_id=172\" class=\"wp-image-172\" srcset=\"https:\/\/cameratamazovia.pl\/wp-content\/uploads\/2019\/02\/8-1-683x1024.jpg 683w, https:\/\/cameratamazovia.pl\/wp-content\/uploads\/2019\/02\/8-1-200x300.jpg 200w, https:\/\/cameratamazovia.pl\/wp-content\/uploads\/2019\/02\/8-1-768x1152.jpg 768w, https:\/\/cameratamazovia.pl\/wp-content\/uploads\/2019\/02\/8-1-800x1200.jpg 800w\" sizes=\"(max-width: 683px) 100vw, 683px\" \/><\/figure><\/li><li class=\"blocks-gallery-item\"><figure><img loading=\"lazy\" decoding=\"async\" width=\"683\" height=\"1024\" src=\"http:\/\/cameratamazovia.pl\/wp-content\/uploads\/2019\/02\/9-1-e1550573688687-683x1024.jpg\" alt=\"\" data-id=\"173\" data-link=\"http:\/\/cameratamazovia.pl\/?attachment_id=173\" class=\"wp-image-173\" srcset=\"https:\/\/cameratamazovia.pl\/wp-content\/uploads\/2019\/02\/9-1-e1550573688687-683x1024.jpg 683w, https:\/\/cameratamazovia.pl\/wp-content\/uploads\/2019\/02\/9-1-e1550573688687-200x300.jpg 200w, https:\/\/cameratamazovia.pl\/wp-content\/uploads\/2019\/02\/9-1-e1550573688687-768x1152.jpg 768w, https:\/\/cameratamazovia.pl\/wp-content\/uploads\/2019\/02\/9-1-e1550573688687-800x1200.jpg 800w\" sizes=\"(max-width: 683px) 100vw, 683px\" \/><\/figure><\/li><li class=\"blocks-gallery-item\"><figure><img loading=\"lazy\" decoding=\"async\" width=\"1024\" height=\"683\" src=\"http:\/\/cameratamazovia.pl\/wp-content\/uploads\/2019\/02\/10-1024x683.jpg\" alt=\"\" data-id=\"174\" data-link=\"http:\/\/cameratamazovia.pl\/?attachment_id=174\" class=\"wp-image-174\" srcset=\"https:\/\/cameratamazovia.pl\/wp-content\/uploads\/2019\/02\/10-1024x683.jpg 1024w, https:\/\/cameratamazovia.pl\/wp-content\/uploads\/2019\/02\/10-300x200.jpg 300w, https:\/\/cameratamazovia.pl\/wp-content\/uploads\/2019\/02\/10-768x512.jpg 768w, https:\/\/cameratamazovia.pl\/wp-content\/uploads\/2019\/02\/10-800x533.jpg 800w\" sizes=\"(max-width: 1024px) 100vw, 1024px\" \/><\/figure><\/li><li class=\"blocks-gallery-item\"><figure><img loading=\"lazy\" decoding=\"async\" width=\"1024\" height=\"683\" src=\"http:\/\/cameratamazovia.pl\/wp-content\/uploads\/2019\/02\/11-1024x683.jpg\" alt=\"\" data-id=\"175\" data-link=\"http:\/\/cameratamazovia.pl\/?attachment_id=175\" class=\"wp-image-175\" srcset=\"https:\/\/cameratamazovia.pl\/wp-content\/uploads\/2019\/02\/11-1024x683.jpg 1024w, https:\/\/cameratamazovia.pl\/wp-content\/uploads\/2019\/02\/11-300x200.jpg 300w, https:\/\/cameratamazovia.pl\/wp-content\/uploads\/2019\/02\/11-768x512.jpg 768w, https:\/\/cameratamazovia.pl\/wp-content\/uploads\/2019\/02\/11-800x533.jpg 800w\" sizes=\"(max-width: 1024px) 100vw, 1024px\" \/><\/figure><\/li><li class=\"blocks-gallery-item\"><figure><img loading=\"lazy\" decoding=\"async\" width=\"1024\" height=\"683\" src=\"http:\/\/cameratamazovia.pl\/wp-content\/uploads\/2019\/02\/12-1024x683.jpg\" alt=\"\" data-id=\"176\" data-link=\"http:\/\/cameratamazovia.pl\/?attachment_id=176\" class=\"wp-image-176\" srcset=\"https:\/\/cameratamazovia.pl\/wp-content\/uploads\/2019\/02\/12-1024x683.jpg 1024w, https:\/\/cameratamazovia.pl\/wp-content\/uploads\/2019\/02\/12-300x200.jpg 300w, https:\/\/cameratamazovia.pl\/wp-content\/uploads\/2019\/02\/12-768x512.jpg 768w, https:\/\/cameratamazovia.pl\/wp-content\/uploads\/2019\/02\/12-800x533.jpg 800w\" sizes=\"(max-width: 1024px) 100vw, 1024px\" \/><\/figure><\/li><li class=\"blocks-gallery-item\"><figure><img loading=\"lazy\" decoding=\"async\" width=\"1024\" height=\"683\" src=\"http:\/\/cameratamazovia.pl\/wp-content\/uploads\/2019\/02\/13-1024x683.jpg\" alt=\"\" data-id=\"177\" data-link=\"http:\/\/cameratamazovia.pl\/?attachment_id=177\" class=\"wp-image-177\" srcset=\"https:\/\/cameratamazovia.pl\/wp-content\/uploads\/2019\/02\/13-1024x683.jpg 1024w, https:\/\/cameratamazovia.pl\/wp-content\/uploads\/2019\/02\/13-300x200.jpg 300w, https:\/\/cameratamazovia.pl\/wp-content\/uploads\/2019\/02\/13-768x512.jpg 768w, https:\/\/cameratamazovia.pl\/wp-content\/uploads\/2019\/02\/13-800x533.jpg 800w\" sizes=\"(max-width: 1024px) 100vw, 1024px\" \/><\/figure><\/li><li class=\"blocks-gallery-item\"><figure><img loading=\"lazy\" decoding=\"async\" width=\"1024\" height=\"683\" src=\"http:\/\/cameratamazovia.pl\/wp-content\/uploads\/2019\/02\/14-1024x683.jpg\" alt=\"\" data-id=\"178\" data-link=\"http:\/\/cameratamazovia.pl\/?attachment_id=178\" class=\"wp-image-178\" srcset=\"https:\/\/cameratamazovia.pl\/wp-content\/uploads\/2019\/02\/14-1024x683.jpg 1024w, https:\/\/cameratamazovia.pl\/wp-content\/uploads\/2019\/02\/14-300x200.jpg 300w, https:\/\/cameratamazovia.pl\/wp-content\/uploads\/2019\/02\/14-768x512.jpg 768w, https:\/\/cameratamazovia.pl\/wp-content\/uploads\/2019\/02\/14-800x533.jpg 800w\" sizes=\"(max-width: 1024px) 100vw, 1024px\" \/><\/figure><\/li><\/ul>\n\n\n\n<h2 class=\"wp-block-heading\"><br><\/h2>\n\n\n\n<p style=\"font-size:15px\">fot. Gamid Ibadullayev, Sebastian St\u0119pie\u0144<\/p>\n","protected":false},"excerpt":{"rendered":"<p>\u201eNiepodleg\u0142a &#8211; I iskra tylko\u201d to musical oparty na w\u0142asnym scenariuszu i muzyce, kt\u00f3r\u0105 skomponowa\u0142 Jakub Krukowski \u2013 kompozytor, muzyk i wokalista zwi\u0105zany przez wiele lat z Teatrem Buffo oraz regularnie wsp\u00f3\u0142pracuj\u0105cy m.in. z Krzesimirem D\u0119bskim i Januszem Stok\u0142os\u0105, wyk\u0142adowca uniwersytecki. Pomys\u0142odawc\u0105 musicalu \u201eNiepodleg\u0142a \u2013 I ISKRA TYLKO\u201d by\u0142 Artur Komorowski dyrygent, dyrektor Sochaczewskiego Centrum Kultury, kt\u00f3ry do wsp\u00f3\u0142pracy w&hellip;<\/p>\n","protected":false},"author":1,"featured_media":0,"parent":0,"menu_order":0,"comment_status":"closed","ping_status":"closed","template":"","meta":{"footnotes":""},"class_list":["post-53","page","type-page","status-publish","hentry"],"_links":{"self":[{"href":"https:\/\/cameratamazovia.pl\/index.php?rest_route=\/wp\/v2\/pages\/53","targetHints":{"allow":["GET"]}}],"collection":[{"href":"https:\/\/cameratamazovia.pl\/index.php?rest_route=\/wp\/v2\/pages"}],"about":[{"href":"https:\/\/cameratamazovia.pl\/index.php?rest_route=\/wp\/v2\/types\/page"}],"author":[{"embeddable":true,"href":"https:\/\/cameratamazovia.pl\/index.php?rest_route=\/wp\/v2\/users\/1"}],"replies":[{"embeddable":true,"href":"https:\/\/cameratamazovia.pl\/index.php?rest_route=%2Fwp%2Fv2%2Fcomments&post=53"}],"version-history":[{"count":3,"href":"https:\/\/cameratamazovia.pl\/index.php?rest_route=\/wp\/v2\/pages\/53\/revisions"}],"predecessor-version":[{"id":179,"href":"https:\/\/cameratamazovia.pl\/index.php?rest_route=\/wp\/v2\/pages\/53\/revisions\/179"}],"wp:attachment":[{"href":"https:\/\/cameratamazovia.pl\/index.php?rest_route=%2Fwp%2Fv2%2Fmedia&parent=53"}],"curies":[{"name":"wp","href":"https:\/\/api.w.org\/{rel}","templated":true}]}}