{"id":501,"date":"2019-02-24T00:25:58","date_gmt":"2019-02-23T23:25:58","guid":{"rendered":"http:\/\/cameratamazovia.pl\/?page_id=501"},"modified":"2019-05-14T20:35:32","modified_gmt":"2019-05-14T18:35:32","slug":"zblizajace-sie-koncerty","status":"publish","type":"page","link":"https:\/\/cameratamazovia.pl\/?page_id=501","title":{"rendered":"Zbli\u017caj\u0105ce si\u0119 koncerty"},"content":{"rendered":"\t\t<div data-elementor-type=\"wp-post\" data-elementor-id=\"501\" class=\"elementor elementor-501 elementor-bc-flex-widget\">\n\t\t\t\t\t\t<section class=\"elementor-section elementor-top-section elementor-element elementor-element-770cf9f elementor-section-stretched elementor-section-boxed elementor-section-height-default elementor-section-height-default\" data-id=\"770cf9f\" data-element_type=\"section\" data-e-type=\"section\" data-settings=\"{&quot;stretch_section&quot;:&quot;section-stretched&quot;}\">\n\t\t\t\t\t\t<div class=\"elementor-container elementor-column-gap-default\">\n\t\t\t\t\t<div class=\"elementor-column elementor-col-100 elementor-top-column elementor-element elementor-element-25f98fe\" data-id=\"25f98fe\" data-element_type=\"column\" data-e-type=\"column\">\n\t\t\t<div class=\"elementor-widget-wrap\">\n\t\t\t\t\t\t\t<\/div>\n\t\t<\/div>\n\t\t\t\t\t<\/div>\n\t\t<\/section>\n\t\t\t\t<section class=\"elementor-section elementor-top-section elementor-element elementor-element-b26464d elementor-section-boxed elementor-section-height-default elementor-section-height-default\" data-id=\"b26464d\" data-element_type=\"section\" data-e-type=\"section\">\n\t\t\t\t\t\t<div class=\"elementor-container elementor-column-gap-default\">\n\t\t\t\t\t<div class=\"elementor-column elementor-col-50 elementor-top-column elementor-element elementor-element-6f28d07\" data-id=\"6f28d07\" data-element_type=\"column\" data-e-type=\"column\">\n\t\t\t<div class=\"elementor-widget-wrap\">\n\t\t\t\t\t\t\t<\/div>\n\t\t<\/div>\n\t\t\t\t<div class=\"elementor-column elementor-col-50 elementor-top-column elementor-element elementor-element-de73828\" data-id=\"de73828\" data-element_type=\"column\" data-e-type=\"column\">\n\t\t\t<div class=\"elementor-widget-wrap elementor-element-populated\">\n\t\t\t\t\t\t<div class=\"elementor-element elementor-element-17bda3f elementor-invisible elementor-widget elementor-widget-text-editor\" data-id=\"17bda3f\" data-element_type=\"widget\" data-e-type=\"widget\" data-settings=\"{&quot;_animation&quot;:&quot;fadeIn&quot;,&quot;_animation_delay&quot;:0}\" data-widget_type=\"text-editor.default\">\n\t\t\t\t<div class=\"elementor-widget-container\">\n\t\t\t\t\t\t\t\t\t<p style=\"margin-bottom: 0cm;\">Serdecznie zapraszamy na cykl koncert\u00f3w z okazji jubileuszu 15-lecia Orkiestry Kameralnej CAMERATA MAZOVIA. <\/p><p style=\"margin-bottom: 0cm;\">Najbli\u017cszy koncert:<\/p><ul><li><p style=\"margin-bottom: 0cm;\"><b>30.06.2019, godz. 19.00 &#8211; Gala &#8211; Koncert Urodzinowy<\/b> <br \/>&#8222;Orkiestra kameralna Camerata Mazovia i Przyjaciele&#8221; <br \/>w Sochaczewskie Centrum Kultury 15 Sierpnia 83 &#8211; Scena letnia. <br \/>Koncert pod honorowym patronatem burmistrza Piotra Osieckiego (wst\u0119p wolny)<\/p><\/li><\/ul>\t\t\t\t\t\t\t\t<\/div>\n\t\t\t\t<\/div>\n\t\t\t\t\t<\/div>\n\t\t<\/div>\n\t\t\t\t\t<\/div>\n\t\t<\/section>\n\t\t\t\t<\/div>\n\t\t","protected":false},"excerpt":{"rendered":"<p>Serdecznie zapraszamy na cykl koncert\u00f3w z okazji jubileuszu 15-lecia Orkiestry Kameralnej CAMERATA MAZOVIA. Najbli\u017cszy koncert: 30.06.2019, godz. 19.00 &#8211; Gala &#8211; Koncert Urodzinowy &#8222;Orkiestra kameralna Camerata Mazovia i Przyjaciele&#8221; w Sochaczewskie Centrum Kultury 15 Sierpnia 83 &#8211; Scena letnia. Koncert pod honorowym patronatem burmistrza Piotra Osieckiego (wst\u0119p wolny)<\/p>\n","protected":false},"author":1,"featured_media":0,"parent":0,"menu_order":0,"comment_status":"closed","ping_status":"closed","template":"","meta":{"footnotes":""},"class_list":["post-501","page","type-page","status-publish","hentry"],"_links":{"self":[{"href":"https:\/\/cameratamazovia.pl\/index.php?rest_route=\/wp\/v2\/pages\/501","targetHints":{"allow":["GET"]}}],"collection":[{"href":"https:\/\/cameratamazovia.pl\/index.php?rest_route=\/wp\/v2\/pages"}],"about":[{"href":"https:\/\/cameratamazovia.pl\/index.php?rest_route=\/wp\/v2\/types\/page"}],"author":[{"embeddable":true,"href":"https:\/\/cameratamazovia.pl\/index.php?rest_route=\/wp\/v2\/users\/1"}],"replies":[{"embeddable":true,"href":"https:\/\/cameratamazovia.pl\/index.php?rest_route=%2Fwp%2Fv2%2Fcomments&post=501"}],"version-history":[{"count":10,"href":"https:\/\/cameratamazovia.pl\/index.php?rest_route=\/wp\/v2\/pages\/501\/revisions"}],"predecessor-version":[{"id":783,"href":"https:\/\/cameratamazovia.pl\/index.php?rest_route=\/wp\/v2\/pages\/501\/revisions\/783"}],"wp:attachment":[{"href":"https:\/\/cameratamazovia.pl\/index.php?rest_route=%2Fwp%2Fv2%2Fmedia&parent=501"}],"curies":[{"name":"wp","href":"https:\/\/api.w.org\/{rel}","templated":true}]}}