{"id":49,"date":"2019-02-19T04:03:57","date_gmt":"2019-02-19T03:03:57","guid":{"rendered":"http:\/\/cameratamazovia.pl\/?page_id=49"},"modified":"2019-02-19T04:03:57","modified_gmt":"2019-02-19T03:03:57","slug":"%ef%bb%bf2016","status":"publish","type":"page","link":"https:\/\/cameratamazovia.pl\/?page_id=49","title":{"rendered":"\ufeff2016"},"content":{"rendered":"\n<p><strong><br><\/strong><\/p>\n\n\n\n<p class=\"has-drop-cap has-medium-font-size\">W\nroku upami\u0119tniaj\u0105cym obchody i Jubileuszu 1050-Lecia Chrztu Polski\n<strong>Burmistrz\nMiasta Sochaczew Piotr Osiecki, Proboszcz Parafii \u015aw. Wawrzy\u0144ca w\nSochaczewie ks. Piotr \u017b\u0105d\u0142o oraz Sochaczewskie Centrum Kultury\nzaprosili na<\/strong><strong>\nKoncert Symfoniczny \u201eChrzest Polski\u201d<\/strong><strong>\nw wykonaniu orkiestry Camerata Mazovia pod dyr. Artura Komorowskiego.\nWydarzenie odby\u0142o si\u0119 17 kwietnia 2016 r. w Ko\u015bciele Parafii \u015bw.\nWawrzy\u0144ca w Sochaczewie. W<\/strong><strong>\nprogramie znalaz\u0142y si\u0119: uwertura fantastyczna \u201eBajka\u201d i mazur z\nopery \u201eHalka\u201d Stanis\u0142awa Moniuszki, koncert klarnetowy B- dur\nKarola Kurpi\u0144skiego, IV Suita orkiestrowa \u201eMozartiana\u201d Piotra\nCzajkowskego\u201d.<\/strong><\/p>\n\n\n\n<p class=\"has-medium-font-size\">Na\nzako\u0144czenie obchod\u00f3w Jubileuszu orkiestra zagra\u0142a kolejny koncert\nsymfoniczny 20 listopada 2016 r. Wykonane zosta\u0142y m.in. utwory\nKarola Kurpi\u0144skiego, Ignacego Paderewskiego, J\u00f3zefa Haendla i\nMarc-Antoine Charpentiera.<\/p>\n","protected":false},"excerpt":{"rendered":"<p>W roku upami\u0119tniaj\u0105cym obchody i Jubileuszu 1050-Lecia Chrztu Polski Burmistrz Miasta Sochaczew Piotr Osiecki, Proboszcz Parafii \u015aw. Wawrzy\u0144ca w Sochaczewie ks. Piotr \u017b\u0105d\u0142o oraz Sochaczewskie Centrum Kultury zaprosili na Koncert Symfoniczny \u201eChrzest Polski\u201d w wykonaniu orkiestry Camerata Mazovia pod dyr. Artura Komorowskiego. Wydarzenie odby\u0142o si\u0119 17 kwietnia 2016 r. w Ko\u015bciele Parafii \u015bw. Wawrzy\u0144ca w Sochaczewie. W programie znalaz\u0142y si\u0119:&hellip;<\/p>\n","protected":false},"author":1,"featured_media":0,"parent":0,"menu_order":0,"comment_status":"closed","ping_status":"closed","template":"","meta":{"footnotes":""},"class_list":["post-49","page","type-page","status-publish","hentry"],"_links":{"self":[{"href":"https:\/\/cameratamazovia.pl\/index.php?rest_route=\/wp\/v2\/pages\/49","targetHints":{"allow":["GET"]}}],"collection":[{"href":"https:\/\/cameratamazovia.pl\/index.php?rest_route=\/wp\/v2\/pages"}],"about":[{"href":"https:\/\/cameratamazovia.pl\/index.php?rest_route=\/wp\/v2\/types\/page"}],"author":[{"embeddable":true,"href":"https:\/\/cameratamazovia.pl\/index.php?rest_route=\/wp\/v2\/users\/1"}],"replies":[{"embeddable":true,"href":"https:\/\/cameratamazovia.pl\/index.php?rest_route=%2Fwp%2Fv2%2Fcomments&post=49"}],"version-history":[{"count":1,"href":"https:\/\/cameratamazovia.pl\/index.php?rest_route=\/wp\/v2\/pages\/49\/revisions"}],"predecessor-version":[{"id":50,"href":"https:\/\/cameratamazovia.pl\/index.php?rest_route=\/wp\/v2\/pages\/49\/revisions\/50"}],"wp:attachment":[{"href":"https:\/\/cameratamazovia.pl\/index.php?rest_route=%2Fwp%2Fv2%2Fmedia&parent=49"}],"curies":[{"name":"wp","href":"https:\/\/api.w.org\/{rel}","templated":true}]}}