{"id":47,"date":"2019-02-19T04:00:19","date_gmt":"2019-02-19T03:00:19","guid":{"rendered":"http:\/\/cameratamazovia.pl\/?page_id=47"},"modified":"2019-02-19T04:00:19","modified_gmt":"2019-02-19T03:00:19","slug":"%ef%bb%bf2014","status":"publish","type":"page","link":"https:\/\/cameratamazovia.pl\/?page_id=47","title":{"rendered":"\ufeff2014"},"content":{"rendered":"\n<p><strong><br><\/strong><\/p>\n\n\n\n<p class=\"has-drop-cap has-medium-font-size\">Zesp\u00f3\u0142 obchodzi\u0142<strong> jubileusz 10-lecia<\/strong> 19 czerwca 2014 roku . Orkiestra pod dyr. Artura Komorowskiego podarowa\u0142a mieszka\u0144com wspania\u0142y koncert na wzg\u00f3rzu zamkowym o znamiennym tytule<strong> \u201eSen o Sochaczewie\u201d.<\/strong> Impreza mia\u0142a jednoczy\u0107 i integrowa\u0107 mieszka\u0144c\u00f3w. Faktycznie, w czwartkowe popo\u0142udnie sochaczewianie ch\u0119tnie i t\u0142umnie wspinali si\u0119 na historyczne wzg\u00f3rze, by pos\u0142ucha\u0107 muzyki jak te\u017c znakomitych go\u015bci: Anny Jeremus- Lewandowskiej (sopran), Krzysztofa Marciniaka (tenor), Roberta Stefa\u0144skiego (klarnet) oraz grupy wokalnej Art Cameral.<\/p>\n","protected":false},"excerpt":{"rendered":"<p>Zesp\u00f3\u0142 obchodzi\u0142 jubileusz 10-lecia 19 czerwca 2014 roku . Orkiestra pod dyr. Artura Komorowskiego podarowa\u0142a mieszka\u0144com wspania\u0142y koncert na wzg\u00f3rzu zamkowym o znamiennym tytule \u201eSen o Sochaczewie\u201d. Impreza mia\u0142a jednoczy\u0107 i integrowa\u0107 mieszka\u0144c\u00f3w. Faktycznie, w czwartkowe popo\u0142udnie sochaczewianie ch\u0119tnie i t\u0142umnie wspinali si\u0119 na historyczne wzg\u00f3rze, by pos\u0142ucha\u0107 muzyki jak te\u017c znakomitych go\u015bci: Anny Jeremus- Lewandowskiej (sopran), Krzysztofa Marciniaka (tenor),&hellip;<\/p>\n","protected":false},"author":1,"featured_media":0,"parent":0,"menu_order":0,"comment_status":"closed","ping_status":"closed","template":"","meta":{"footnotes":""},"class_list":["post-47","page","type-page","status-publish","hentry"],"_links":{"self":[{"href":"https:\/\/cameratamazovia.pl\/index.php?rest_route=\/wp\/v2\/pages\/47","targetHints":{"allow":["GET"]}}],"collection":[{"href":"https:\/\/cameratamazovia.pl\/index.php?rest_route=\/wp\/v2\/pages"}],"about":[{"href":"https:\/\/cameratamazovia.pl\/index.php?rest_route=\/wp\/v2\/types\/page"}],"author":[{"embeddable":true,"href":"https:\/\/cameratamazovia.pl\/index.php?rest_route=\/wp\/v2\/users\/1"}],"replies":[{"embeddable":true,"href":"https:\/\/cameratamazovia.pl\/index.php?rest_route=%2Fwp%2Fv2%2Fcomments&post=47"}],"version-history":[{"count":1,"href":"https:\/\/cameratamazovia.pl\/index.php?rest_route=\/wp\/v2\/pages\/47\/revisions"}],"predecessor-version":[{"id":48,"href":"https:\/\/cameratamazovia.pl\/index.php?rest_route=\/wp\/v2\/pages\/47\/revisions\/48"}],"wp:attachment":[{"href":"https:\/\/cameratamazovia.pl\/index.php?rest_route=%2Fwp%2Fv2%2Fmedia&parent=47"}],"curies":[{"name":"wp","href":"https:\/\/api.w.org\/{rel}","templated":true}]}}