{"id":45,"date":"2019-02-19T04:03:45","date_gmt":"2019-02-19T03:03:45","guid":{"rendered":"http:\/\/cameratamazovia.pl\/?page_id=45"},"modified":"2019-02-19T04:03:45","modified_gmt":"2019-02-19T03:03:45","slug":"2012-2","status":"publish","type":"page","link":"https:\/\/cameratamazovia.pl\/?page_id=45","title":{"rendered":"2012"},"content":{"rendered":"\n<p class=\"has-drop-cap has-medium-font-size\">W\nmaju 2012 roku orkiestra wyst\u0105pi\u0142a podczas <strong>Nocy\nMuze\u00f3w w Muzeum w Nieborowie<\/strong>,\nwykonuj\u0105c utwory z epoki baroku nawi\u0105zuj\u0105ce do stylu\nnieborowskiego pa\u0142acu.\n<\/p>\n\n\n\n<p class=\"has-medium-font-size\">W\nlistopadzie 2012 oko\u0142o 600 os\u00f3b oklaskiwa\u0142o artyst\u00f3w bior\u0105cych\nudzia\u0142 w <strong>Koncercie\nNiepodleg\u0142o\u015bciowym<\/strong>,\nna kt\u00f3ry mieszka\u0144c\u00f3w Sochaczewa zaprosili burmistrz Piotr Osiecki\noraz proboszcz parafii \u015bw. Wawrzy\u0144ca Piotr \u017b\u0105d\u0142o.<\/p>\n\n\n\n<p class=\"has-medium-font-size\">\nPrzed\nsochaczewsk\u0105 publiczno\u015bci\u0105 wyst\u0105pili: \u015bwiatowej s\u0142awy tenor\nBogus\u0142aw Morka, Ryszard Morka &#8211; bas, Ewelina Ha\u0144ska sopran,\norkiestra Camerata Mazovia pod batut\u0105 Artura Komorowskiego. Gal\u0119\nprowadzi\u0142a popularna aktorka Laura \u0141\u0105cz recytuj\u0105ca patriotyczne\nwiersze, w tym fragmenty poematu Juliana Tuwima \u201eKwiaty Polskie\u201d.<\/p>\n","protected":false},"excerpt":{"rendered":"<p>W maju 2012 roku orkiestra wyst\u0105pi\u0142a podczas Nocy Muze\u00f3w w Muzeum w Nieborowie, wykonuj\u0105c utwory z epoki baroku nawi\u0105zuj\u0105ce do stylu nieborowskiego pa\u0142acu. W listopadzie 2012 oko\u0142o 600 os\u00f3b oklaskiwa\u0142o artyst\u00f3w bior\u0105cych udzia\u0142 w Koncercie Niepodleg\u0142o\u015bciowym, na kt\u00f3ry mieszka\u0144c\u00f3w Sochaczewa zaprosili burmistrz Piotr Osiecki oraz proboszcz parafii \u015bw. Wawrzy\u0144ca Piotr \u017b\u0105d\u0142o. Przed sochaczewsk\u0105 publiczno\u015bci\u0105 wyst\u0105pili: \u015bwiatowej s\u0142awy tenor Bogus\u0142aw Morka,&hellip;<\/p>\n","protected":false},"author":1,"featured_media":0,"parent":0,"menu_order":0,"comment_status":"closed","ping_status":"closed","template":"","meta":{"footnotes":""},"class_list":["post-45","page","type-page","status-publish","hentry"],"_links":{"self":[{"href":"https:\/\/cameratamazovia.pl\/index.php?rest_route=\/wp\/v2\/pages\/45","targetHints":{"allow":["GET"]}}],"collection":[{"href":"https:\/\/cameratamazovia.pl\/index.php?rest_route=\/wp\/v2\/pages"}],"about":[{"href":"https:\/\/cameratamazovia.pl\/index.php?rest_route=\/wp\/v2\/types\/page"}],"author":[{"embeddable":true,"href":"https:\/\/cameratamazovia.pl\/index.php?rest_route=\/wp\/v2\/users\/1"}],"replies":[{"embeddable":true,"href":"https:\/\/cameratamazovia.pl\/index.php?rest_route=%2Fwp%2Fv2%2Fcomments&post=45"}],"version-history":[{"count":1,"href":"https:\/\/cameratamazovia.pl\/index.php?rest_route=\/wp\/v2\/pages\/45\/revisions"}],"predecessor-version":[{"id":46,"href":"https:\/\/cameratamazovia.pl\/index.php?rest_route=\/wp\/v2\/pages\/45\/revisions\/46"}],"wp:attachment":[{"href":"https:\/\/cameratamazovia.pl\/index.php?rest_route=%2Fwp%2Fv2%2Fmedia&parent=45"}],"curies":[{"name":"wp","href":"https:\/\/api.w.org\/{rel}","templated":true}]}}