{"id":43,"date":"2019-02-19T02:04:17","date_gmt":"2019-02-19T01:04:17","guid":{"rendered":"http:\/\/cameratamazovia.pl\/?page_id=43"},"modified":"2019-02-19T02:04:17","modified_gmt":"2019-02-19T01:04:17","slug":"%ef%bb%bf2011","status":"publish","type":"page","link":"https:\/\/cameratamazovia.pl\/?page_id=43","title":{"rendered":"\ufeff2011"},"content":{"rendered":"\n<p class=\"has-medium-font-size\"><strong>Letni\nFestiwal Muzyczny w Kutnie<\/strong><\/p>\n\n\n\n<p class=\"has-drop-cap has-medium-font-size\">Do\nudzia\u0142u w koncertach festiwalowych zaprosi\u0142a orkiestr\u0119 prof. Anna\nJeremus-Lewandowska. Mieli\u015bmy przyjemno\u015b\u0107 zagra\u0107 dwa koncerty: \n<\/p>\n\n\n\n<p class=\"has-medium-font-size\">w\nroku 2011  koncert <strong>\u201eWiecz\u00f3r\nmelodii musicalowych i filmowych\u201d <\/strong>,\n\n<\/p>\n\n\n\n<p class=\"has-medium-font-size\">w\n2016 koncert <strong>\u201eS\u0142oneczne\nMelodie Lata\u201d<\/strong>.\n\n<\/p>\n","protected":false},"excerpt":{"rendered":"<p>Letni Festiwal Muzyczny w Kutnie Do udzia\u0142u w koncertach festiwalowych zaprosi\u0142a orkiestr\u0119 prof. Anna Jeremus-Lewandowska. Mieli\u015bmy przyjemno\u015b\u0107 zagra\u0107 dwa koncerty: w roku 2011 koncert \u201eWiecz\u00f3r melodii musicalowych i filmowych\u201d , w 2016 koncert \u201eS\u0142oneczne Melodie Lata\u201d.<\/p>\n","protected":false},"author":1,"featured_media":0,"parent":0,"menu_order":0,"comment_status":"closed","ping_status":"closed","template":"","meta":{"footnotes":""},"class_list":["post-43","page","type-page","status-publish","hentry"],"_links":{"self":[{"href":"https:\/\/cameratamazovia.pl\/index.php?rest_route=\/wp\/v2\/pages\/43","targetHints":{"allow":["GET"]}}],"collection":[{"href":"https:\/\/cameratamazovia.pl\/index.php?rest_route=\/wp\/v2\/pages"}],"about":[{"href":"https:\/\/cameratamazovia.pl\/index.php?rest_route=\/wp\/v2\/types\/page"}],"author":[{"embeddable":true,"href":"https:\/\/cameratamazovia.pl\/index.php?rest_route=\/wp\/v2\/users\/1"}],"replies":[{"embeddable":true,"href":"https:\/\/cameratamazovia.pl\/index.php?rest_route=%2Fwp%2Fv2%2Fcomments&post=43"}],"version-history":[{"count":1,"href":"https:\/\/cameratamazovia.pl\/index.php?rest_route=\/wp\/v2\/pages\/43\/revisions"}],"predecessor-version":[{"id":44,"href":"https:\/\/cameratamazovia.pl\/index.php?rest_route=\/wp\/v2\/pages\/43\/revisions\/44"}],"wp:attachment":[{"href":"https:\/\/cameratamazovia.pl\/index.php?rest_route=%2Fwp%2Fv2%2Fmedia&parent=43"}],"curies":[{"name":"wp","href":"https:\/\/api.w.org\/{rel}","templated":true}]}}