{"id":413,"date":"2019-02-21T21:23:54","date_gmt":"2019-02-21T20:23:54","guid":{"rendered":"http:\/\/cameratamazovia.pl\/?page_id=413"},"modified":"2019-02-23T00:00:25","modified_gmt":"2019-02-22T23:00:25","slug":"camerata-mazovia-w-mediach","status":"publish","type":"page","link":"https:\/\/cameratamazovia.pl\/?page_id=413","title":{"rendered":"Media"},"content":{"rendered":"\t\t<div data-elementor-type=\"wp-post\" data-elementor-id=\"413\" class=\"elementor elementor-413 elementor-bc-flex-widget\">\n\t\t\t\t\t\t<section class=\"elementor-section elementor-top-section elementor-element elementor-element-1c43c1d elementor-section-stretched elementor-section-boxed elementor-section-height-default elementor-section-height-default\" data-id=\"1c43c1d\" data-element_type=\"section\" data-e-type=\"section\" data-settings=\"{&quot;stretch_section&quot;:&quot;section-stretched&quot;}\">\n\t\t\t\t\t\t<div class=\"elementor-container elementor-column-gap-default\">\n\t\t\t\t\t<div class=\"elementor-column elementor-col-33 elementor-top-column elementor-element elementor-element-12e6bce\" data-id=\"12e6bce\" data-element_type=\"column\" data-e-type=\"column\">\n\t\t\t<div class=\"elementor-widget-wrap\">\n\t\t\t\t\t\t\t<\/div>\n\t\t<\/div>\n\t\t\t\t<div class=\"elementor-column elementor-col-33 elementor-top-column elementor-element elementor-element-d4bb741\" data-id=\"d4bb741\" data-element_type=\"column\" data-e-type=\"column\">\n\t\t\t<div class=\"elementor-widget-wrap\">\n\t\t\t\t\t\t\t<\/div>\n\t\t<\/div>\n\t\t\t\t<div class=\"elementor-column elementor-col-33 elementor-top-column elementor-element elementor-element-f38a6a0\" data-id=\"f38a6a0\" data-element_type=\"column\" data-e-type=\"column\">\n\t\t\t<div class=\"elementor-widget-wrap\">\n\t\t\t\t\t\t\t<\/div>\n\t\t<\/div>\n\t\t\t\t\t<\/div>\n\t\t<\/section>\n\t\t\t\t<section class=\"elementor-section elementor-top-section elementor-element elementor-element-6201300 elementor-section-stretched elementor-section-boxed elementor-section-height-default elementor-section-height-default\" data-id=\"6201300\" data-element_type=\"section\" data-e-type=\"section\" data-settings=\"{&quot;stretch_section&quot;:&quot;section-stretched&quot;}\">\n\t\t\t\t\t\t<div class=\"elementor-container elementor-column-gap-default\">\n\t\t\t\t\t<div class=\"elementor-column elementor-col-33 elementor-top-column elementor-element elementor-element-2b034cb\" data-id=\"2b034cb\" data-element_type=\"column\" data-e-type=\"column\">\n\t\t\t<div class=\"elementor-widget-wrap elementor-element-populated\">\n\t\t\t\t\t\t<div class=\"elementor-element elementor-element-5d403fd elementor-position-top elementor-widget elementor-widget-image-box\" data-id=\"5d403fd\" data-element_type=\"widget\" data-e-type=\"widget\" data-widget_type=\"image-box.default\">\n\t\t\t\t<div class=\"elementor-widget-container\">\n\t\t\t\t\t<div class=\"elementor-image-box-wrapper\"><figure class=\"elementor-image-box-img\"><a href=\"http:\/\/sochaczew.pl\/home\/newsshow2\/25052?title=Brawo-Camerata-&#038;filterId=1&#038;sochaczew\" target=\"_blank\" tabindex=\"-1\"><img fetchpriority=\"high\" decoding=\"async\" width=\"1024\" height=\"522\" src=\"https:\/\/cameratamazovia.pl\/wp-content\/uploads\/2019\/02\/brawo-camerata-1024x522.jpg\" class=\"elementor-animation-pop attachment-large size-large wp-image-415\" alt=\"\" srcset=\"https:\/\/cameratamazovia.pl\/wp-content\/uploads\/2019\/02\/brawo-camerata-1024x522.jpg 1024w, https:\/\/cameratamazovia.pl\/wp-content\/uploads\/2019\/02\/brawo-camerata-300x153.jpg 300w, https:\/\/cameratamazovia.pl\/wp-content\/uploads\/2019\/02\/brawo-camerata-768x392.jpg 768w, https:\/\/cameratamazovia.pl\/wp-content\/uploads\/2019\/02\/brawo-camerata-800x408.jpg 800w, https:\/\/cameratamazovia.pl\/wp-content\/uploads\/2019\/02\/brawo-camerata.jpg 1905w\" sizes=\"(max-width: 1024px) 100vw, 1024px\" \/><\/a><\/figure><div class=\"elementor-image-box-content\"><h2 class=\"elementor-image-box-title\"><a href=\"http:\/\/sochaczew.pl\/home\/newsshow2\/25052?title=Brawo-Camerata-&#038;filterId=1&#038;sochaczew\" target=\"_blank\">Brawo Camerata! <\/a><\/h2><p class=\"elementor-image-box-description\">Troch\u0119 opery, operetki, nieco muzyki pop i kilka muzycznych niespodzianek. Taki by\u0142 doroczny koncert orkiestry kameralnej Camerata Mazovia pod batut\u0105 Artura Komorowskiego. Wyst\u0119p odby\u0142 si\u0119 13 stycznia, w wype\u0142nionej do ostatniego siedz\u0105cego <br>i stoj\u0105cego miejsca...<\/p><\/div><\/div>\t\t\t\t<\/div>\n\t\t\t\t<\/div>\n\t\t\t\t\t<\/div>\n\t\t<\/div>\n\t\t\t\t<div class=\"elementor-column elementor-col-33 elementor-top-column elementor-element elementor-element-be60e0d\" data-id=\"be60e0d\" data-element_type=\"column\" data-e-type=\"column\">\n\t\t\t<div class=\"elementor-widget-wrap elementor-element-populated\">\n\t\t\t\t\t\t<div class=\"elementor-element elementor-element-bca0957 elementor-position-top elementor-widget elementor-widget-image-box\" data-id=\"bca0957\" data-element_type=\"widget\" data-e-type=\"widget\" data-widget_type=\"image-box.default\">\n\t\t\t\t<div class=\"elementor-widget-container\">\n\t\t\t\t\t<div class=\"elementor-image-box-wrapper\"><figure class=\"elementor-image-box-img\"><a href=\"http:\/\/www.sochaczew.pl\/home\/newsshow2\/25238?title=Dwanascie-koncertow-na-jubileusz-orkiestry&#038;filterId=1&#038;sochaczew\" target=\"_blank\" tabindex=\"-1\"><img decoding=\"async\" width=\"1024\" height=\"528\" src=\"https:\/\/cameratamazovia.pl\/wp-content\/uploads\/2019\/02\/dwanascie-koncertow-na-jubileusz-1024x528.jpg\" class=\"elementor-animation-pop attachment-large size-large wp-image-416\" alt=\"\" srcset=\"https:\/\/cameratamazovia.pl\/wp-content\/uploads\/2019\/02\/dwanascie-koncertow-na-jubileusz-1024x528.jpg 1024w, https:\/\/cameratamazovia.pl\/wp-content\/uploads\/2019\/02\/dwanascie-koncertow-na-jubileusz-300x155.jpg 300w, https:\/\/cameratamazovia.pl\/wp-content\/uploads\/2019\/02\/dwanascie-koncertow-na-jubileusz-768x396.jpg 768w, https:\/\/cameratamazovia.pl\/wp-content\/uploads\/2019\/02\/dwanascie-koncertow-na-jubileusz-800x413.jpg 800w, https:\/\/cameratamazovia.pl\/wp-content\/uploads\/2019\/02\/dwanascie-koncertow-na-jubileusz.jpg 1902w\" sizes=\"(max-width: 1024px) 100vw, 1024px\" \/><\/a><\/figure><div class=\"elementor-image-box-content\"><h2 class=\"elementor-image-box-title\"><a href=\"http:\/\/www.sochaczew.pl\/home\/newsshow2\/25238?title=Dwanascie-koncertow-na-jubileusz-orkiestry&#038;filterId=1&#038;sochaczew\" target=\"_blank\">Dwana\u015bcie koncert\u00f3w...<\/a><\/h2><p class=\"elementor-image-box-description\">Od lat jest jedn\u0105 z wizyt\u00f3wek Sochaczewa. Stale rozwija swoje umiej\u0119tno\u015bci, wzbogaca repertuar, dostarcza mieszka\u0144com artystycznych wzrusze\u0144. Kilkana\u015bcie dni temu da\u0142a sw\u00f3j jubileuszowy koncert, o kt\u00f3rym m\u00f3wi\u0142o p\u00f3\u0142 miasta. Orkiestra kameralna Camerata Mazovia obchodzi...<\/p><\/div><\/div>\t\t\t\t<\/div>\n\t\t\t\t<\/div>\n\t\t\t\t\t<\/div>\n\t\t<\/div>\n\t\t\t\t<div class=\"elementor-column elementor-col-33 elementor-top-column elementor-element elementor-element-b526823\" data-id=\"b526823\" data-element_type=\"column\" data-e-type=\"column\">\n\t\t\t<div class=\"elementor-widget-wrap elementor-element-populated\">\n\t\t\t\t\t\t<div class=\"elementor-element elementor-element-6245e55 elementor-position-top elementor-widget elementor-widget-image-box\" data-id=\"6245e55\" data-element_type=\"widget\" data-e-type=\"widget\" data-widget_type=\"image-box.default\">\n\t\t\t\t<div class=\"elementor-widget-container\">\n\t\t\t\t\t<div class=\"elementor-image-box-wrapper\"><figure class=\"elementor-image-box-img\"><a href=\"https:\/\/lowicz.gosc.pl\/gal\/pokaz\/2059619.Jubileusz-orkiestry-Camerata-Mazovia\/7\" target=\"_blank\" tabindex=\"-1\"><img decoding=\"async\" width=\"1024\" height=\"524\" src=\"https:\/\/cameratamazovia.pl\/wp-content\/uploads\/2019\/02\/jubileusz-orkiestry-1024x524.jpg\" class=\"elementor-animation-pop attachment-large size-large wp-image-417\" alt=\"\" srcset=\"https:\/\/cameratamazovia.pl\/wp-content\/uploads\/2019\/02\/jubileusz-orkiestry-1024x524.jpg 1024w, https:\/\/cameratamazovia.pl\/wp-content\/uploads\/2019\/02\/jubileusz-orkiestry-300x154.jpg 300w, https:\/\/cameratamazovia.pl\/wp-content\/uploads\/2019\/02\/jubileusz-orkiestry-768x393.jpg 768w, https:\/\/cameratamazovia.pl\/wp-content\/uploads\/2019\/02\/jubileusz-orkiestry-800x409.jpg 800w, https:\/\/cameratamazovia.pl\/wp-content\/uploads\/2019\/02\/jubileusz-orkiestry.jpg 1905w\" sizes=\"(max-width: 1024px) 100vw, 1024px\" \/><\/a><\/figure><div class=\"elementor-image-box-content\"><h2 class=\"elementor-image-box-title\"><a href=\"https:\/\/lowicz.gosc.pl\/gal\/pokaz\/2059619.Jubileusz-orkiestry-Camerata-Mazovia\/7\" target=\"_blank\">Jubileusz orkiestry... <\/a><\/h2><p class=\"elementor-image-box-description\">W Bo\u017ce Cia\u0142o na wzg\u00f3rzu zamkowym sw\u00f3j jubileusz 10-lecia istnienia \u015bwi\u0119towa\u0142a sochaczewska \"Camerata Mazovia\" pod dyrekcj\u0105 Artura Komorowskiego. Z okazji jubileuszu zesp\u00f3\u0142 przygotowa\u0142 dla mieszka\u0144c\u00f3w Sochaczewa koncert, zatytu\u0142owany \"Cameraty Mazovii sen o Sochaczewie\".<\/p><\/div><\/div>\t\t\t\t<\/div>\n\t\t\t\t<\/div>\n\t\t\t\t\t<\/div>\n\t\t<\/div>\n\t\t\t\t\t<\/div>\n\t\t<\/section>\n\t\t\t\t<section class=\"elementor-section elementor-top-section elementor-element elementor-element-ed04872 elementor-section-stretched elementor-section-boxed elementor-section-height-default elementor-section-height-default\" data-id=\"ed04872\" data-element_type=\"section\" data-e-type=\"section\" data-settings=\"{&quot;stretch_section&quot;:&quot;section-stretched&quot;}\">\n\t\t\t\t\t\t<div class=\"elementor-container elementor-column-gap-default\">\n\t\t\t\t\t<div class=\"elementor-column elementor-col-33 elementor-top-column elementor-element elementor-element-a854885\" data-id=\"a854885\" data-element_type=\"column\" data-e-type=\"column\">\n\t\t\t<div class=\"elementor-widget-wrap elementor-element-populated\">\n\t\t\t\t\t\t<div class=\"elementor-element elementor-element-addb8ad elementor-position-top elementor-widget elementor-widget-image-box\" data-id=\"addb8ad\" data-element_type=\"widget\" data-e-type=\"widget\" data-widget_type=\"image-box.default\">\n\t\t\t\t<div class=\"elementor-widget-container\">\n\t\t\t\t\t<div class=\"elementor-image-box-wrapper\"><figure class=\"elementor-image-box-img\"><a href=\"http:\/\/www.sochaczew.pl\/home\/newsshow2\/21305?title=Wielki-sukces-koncertu-noworocznego-Cameraty&#038;filterId=1&#038;sochaczew\" target=\"_blank\" tabindex=\"-1\"><img loading=\"lazy\" decoding=\"async\" width=\"1024\" height=\"522\" src=\"https:\/\/cameratamazovia.pl\/wp-content\/uploads\/2019\/02\/wielki-sukces-koncertu-1024x522.jpg\" class=\"elementor-animation-pop attachment-large size-large wp-image-418\" alt=\"\" srcset=\"https:\/\/cameratamazovia.pl\/wp-content\/uploads\/2019\/02\/wielki-sukces-koncertu-1024x522.jpg 1024w, https:\/\/cameratamazovia.pl\/wp-content\/uploads\/2019\/02\/wielki-sukces-koncertu-300x153.jpg 300w, https:\/\/cameratamazovia.pl\/wp-content\/uploads\/2019\/02\/wielki-sukces-koncertu-768x392.jpg 768w, https:\/\/cameratamazovia.pl\/wp-content\/uploads\/2019\/02\/wielki-sukces-koncertu-800x408.jpg 800w, https:\/\/cameratamazovia.pl\/wp-content\/uploads\/2019\/02\/wielki-sukces-koncertu.jpg 1905w\" sizes=\"(max-width: 1024px) 100vw, 1024px\" \/><\/a><\/figure><div class=\"elementor-image-box-content\"><h2 class=\"elementor-image-box-title\"><a href=\"http:\/\/www.sochaczew.pl\/home\/newsshow2\/21305?title=Wielki-sukces-koncertu-noworocznego-Cameraty&#038;filterId=1&#038;sochaczew\" target=\"_blank\">Wielki sukces koncertu...<\/a><\/h2><p class=\"elementor-image-box-description\">Po raz kolejny mieszka\u0144cy Sochaczewa skorzystali z zaproszenia burmistrza Piotra Osieckiego i wzi\u0119li udzia\u0142 w Koncercie Noworocznym w wykonaniu orkiestry Camerata Mazovia pod batut\u0105 Artura Komorowskiego. Z ka\u017cdym rokiem wydarzenie cieszy si\u0119 coraz wi\u0119kszym zainteresowaniem...<\/p><\/div><\/div>\t\t\t\t<\/div>\n\t\t\t\t<\/div>\n\t\t\t\t\t<\/div>\n\t\t<\/div>\n\t\t\t\t<div class=\"elementor-column elementor-col-33 elementor-top-column elementor-element elementor-element-1b0f3a7\" data-id=\"1b0f3a7\" data-element_type=\"column\" data-e-type=\"column\">\n\t\t\t<div class=\"elementor-widget-wrap elementor-element-populated\">\n\t\t\t\t\t\t<div class=\"elementor-element elementor-element-1fdec39 elementor-position-top elementor-widget elementor-widget-image-box\" data-id=\"1fdec39\" data-element_type=\"widget\" data-e-type=\"widget\" data-widget_type=\"image-box.default\">\n\t\t\t\t<div class=\"elementor-widget-container\">\n\t\t\t\t\t<div class=\"elementor-image-box-wrapper\"><figure class=\"elementor-image-box-img\"><a href=\"https:\/\/tusochaczew.pl\/pl\/14_kultura\/48623_camerata_mazovia_i_t_umy_na_koncercie_noworocznym.html\" target=\"_blank\" tabindex=\"-1\"><img loading=\"lazy\" decoding=\"async\" width=\"1024\" height=\"527\" src=\"https:\/\/cameratamazovia.pl\/wp-content\/uploads\/2019\/02\/tusochaczew-1024x527.jpg\" class=\"elementor-animation-pop attachment-large size-large wp-image-419\" alt=\"\" srcset=\"https:\/\/cameratamazovia.pl\/wp-content\/uploads\/2019\/02\/tusochaczew-1024x527.jpg 1024w, https:\/\/cameratamazovia.pl\/wp-content\/uploads\/2019\/02\/tusochaczew-300x155.jpg 300w, https:\/\/cameratamazovia.pl\/wp-content\/uploads\/2019\/02\/tusochaczew-768x396.jpg 768w, https:\/\/cameratamazovia.pl\/wp-content\/uploads\/2019\/02\/tusochaczew-800x412.jpg 800w, https:\/\/cameratamazovia.pl\/wp-content\/uploads\/2019\/02\/tusochaczew.jpg 1899w\" sizes=\"(max-width: 1024px) 100vw, 1024px\" \/><\/a><\/figure><div class=\"elementor-image-box-content\"><h2 class=\"elementor-image-box-title\"><a href=\"https:\/\/tusochaczew.pl\/pl\/14_kultura\/48623_camerata_mazovia_i_t_umy_na_koncercie_noworocznym.html\" target=\"_blank\">Camerata Mazovia i t\u0142umy...<\/a><\/h2><p class=\"elementor-image-box-description\">W niedziel\u0119 13 stycznia w Sochaczewskim Centrum Kultury w Boryszewie odby\u0142 si\u0119 koncert noworoczny orkiestry Camerata Mazovia wraz z zaproszonymi solistami.\n\n \n\nSochaczewianie zjawili si\u0119 niezwykle t\u0142umnie, nic jednak dziwnego, skoro powod\u00f3w do \u015bwi\u0119towania by\u0142o wi\u0119cej ni\u017c zwykle...<\/p><\/div><\/div>\t\t\t\t<\/div>\n\t\t\t\t<\/div>\n\t\t\t\t\t<\/div>\n\t\t<\/div>\n\t\t\t\t<div class=\"elementor-column elementor-col-33 elementor-top-column elementor-element elementor-element-7a3c14b\" data-id=\"7a3c14b\" data-element_type=\"column\" data-e-type=\"column\">\n\t\t\t<div class=\"elementor-widget-wrap elementor-element-populated\">\n\t\t\t\t\t\t<div class=\"elementor-element elementor-element-d86be93 elementor-position-top elementor-widget elementor-widget-image-box\" data-id=\"d86be93\" data-element_type=\"widget\" data-e-type=\"widget\" data-widget_type=\"image-box.default\">\n\t\t\t\t<div class=\"elementor-widget-container\">\n\t\t\t\t\t<div class=\"elementor-image-box-wrapper\"><figure class=\"elementor-image-box-img\"><a href=\"http:\/\/www.sochaczew.pl\/home\/newsshow2\/20628?title=Wielki-sukces-orkiestry-kameralnej-CAMERATA-MAZOVIA-&#038;filterId=1&#038;sochaczew\" target=\"_blank\" tabindex=\"-1\"><img loading=\"lazy\" decoding=\"async\" width=\"1024\" height=\"524\" src=\"https:\/\/cameratamazovia.pl\/wp-content\/uploads\/2019\/02\/wielki-sukces-orkiestry-1024x524.jpg\" class=\"elementor-animation-pop attachment-large size-large wp-image-420\" alt=\"\" srcset=\"https:\/\/cameratamazovia.pl\/wp-content\/uploads\/2019\/02\/wielki-sukces-orkiestry-1024x524.jpg 1024w, https:\/\/cameratamazovia.pl\/wp-content\/uploads\/2019\/02\/wielki-sukces-orkiestry-300x154.jpg 300w, https:\/\/cameratamazovia.pl\/wp-content\/uploads\/2019\/02\/wielki-sukces-orkiestry-768x393.jpg 768w, https:\/\/cameratamazovia.pl\/wp-content\/uploads\/2019\/02\/wielki-sukces-orkiestry-800x409.jpg 800w, https:\/\/cameratamazovia.pl\/wp-content\/uploads\/2019\/02\/wielki-sukces-orkiestry.jpg 1905w\" sizes=\"(max-width: 1024px) 100vw, 1024px\" \/><\/a><\/figure><div class=\"elementor-image-box-content\"><h2 class=\"elementor-image-box-title\"><a href=\"http:\/\/www.sochaczew.pl\/home\/newsshow2\/20628?title=Wielki-sukces-orkiestry-kameralnej-CAMERATA-MAZOVIA-&#038;filterId=1&#038;sochaczew\" target=\"_blank\">Wielki sukces orkiestry...<\/a><\/h2><p class=\"elementor-image-box-description\">Sochaczewska orkiestra kameralna \"Camerata Mazowia\" pod dyrekcj\u0105 Artura Komorowskiego zako\u0144czy\u0142a cykl sze\u015bciu koncert\u00f3w w ramach projektu \"Muzyka polska w kontek\u015bcie chrze\u015bcija\u0144skiej to\u017csamo\u015bci narodu\". Z wyst\u0119pami nasi muzycy zaw\u0119drowali a\u017c na Litw\u0119...<\/p><\/div><\/div>\t\t\t\t<\/div>\n\t\t\t\t<\/div>\n\t\t\t\t\t<\/div>\n\t\t<\/div>\n\t\t\t\t\t<\/div>\n\t\t<\/section>\n\t\t\t\t<section class=\"elementor-section elementor-top-section elementor-element elementor-element-f7461ad elementor-section-stretched elementor-section-boxed elementor-section-height-default elementor-section-height-default\" data-id=\"f7461ad\" data-element_type=\"section\" data-e-type=\"section\" data-settings=\"{&quot;stretch_section&quot;:&quot;section-stretched&quot;}\">\n\t\t\t\t\t\t<div class=\"elementor-container elementor-column-gap-default\">\n\t\t\t\t\t<div class=\"elementor-column elementor-col-33 elementor-top-column elementor-element elementor-element-5f2eade\" data-id=\"5f2eade\" data-element_type=\"column\" data-e-type=\"column\">\n\t\t\t<div class=\"elementor-widget-wrap elementor-element-populated\">\n\t\t\t\t\t\t<div class=\"elementor-element elementor-element-94ff4e6 elementor-position-top elementor-widget elementor-widget-image-box\" data-id=\"94ff4e6\" data-element_type=\"widget\" data-e-type=\"widget\" data-widget_type=\"image-box.default\">\n\t\t\t\t<div class=\"elementor-widget-container\">\n\t\t\t\t\t<div class=\"elementor-image-box-wrapper\"><figure class=\"elementor-image-box-img\"><a href=\"http:\/\/www.tygodnik.lt\/201743\/aktualia1.html\" target=\"_blank\" tabindex=\"-1\"><img loading=\"lazy\" decoding=\"async\" width=\"1024\" height=\"525\" src=\"https:\/\/cameratamazovia.pl\/wp-content\/uploads\/2019\/02\/Tygodnik-Wilensczyzny-1024x525.jpg\" class=\"elementor-animation-pop attachment-large size-large wp-image-463\" alt=\"\" srcset=\"https:\/\/cameratamazovia.pl\/wp-content\/uploads\/2019\/02\/Tygodnik-Wilensczyzny-1024x525.jpg 1024w, https:\/\/cameratamazovia.pl\/wp-content\/uploads\/2019\/02\/Tygodnik-Wilensczyzny-300x154.jpg 300w, https:\/\/cameratamazovia.pl\/wp-content\/uploads\/2019\/02\/Tygodnik-Wilensczyzny-768x394.jpg 768w, https:\/\/cameratamazovia.pl\/wp-content\/uploads\/2019\/02\/Tygodnik-Wilensczyzny-800x410.jpg 800w, https:\/\/cameratamazovia.pl\/wp-content\/uploads\/2019\/02\/Tygodnik-Wilensczyzny.jpg 1902w\" sizes=\"(max-width: 1024px) 100vw, 1024px\" \/><\/a><\/figure><div class=\"elementor-image-box-content\"><h2 class=\"elementor-image-box-title\"><a href=\"http:\/\/www.tygodnik.lt\/201743\/aktualia1.html\" target=\"_blank\">Wystawa i koncert...<\/a><\/h2><p class=\"elementor-image-box-description\">Otwarcie wystawy, przygotowanej przez Instytut Polski w Wilnie, Instytut Pami\u0119ci Narodowej w Bia\u0142ymstoku, klasztor franciszkan\u00f3w w Wilnie, u\u015bwietni\u0142 koncert \u201ePer\u0142y muzyki polskiej\u201d Orkiestry Kameralnej Camerata Mazovia z Sochaczewa pod batut\u0105 Artura Komorowskiego...<\/p><\/div><\/div>\t\t\t\t<\/div>\n\t\t\t\t<\/div>\n\t\t\t\t\t<\/div>\n\t\t<\/div>\n\t\t\t\t<div class=\"elementor-column elementor-col-33 elementor-top-column elementor-element elementor-element-3c1e5a6\" data-id=\"3c1e5a6\" data-element_type=\"column\" data-e-type=\"column\">\n\t\t\t<div class=\"elementor-widget-wrap\">\n\t\t\t\t\t\t\t<\/div>\n\t\t<\/div>\n\t\t\t\t<div class=\"elementor-column elementor-col-33 elementor-top-column elementor-element elementor-element-6ad3722\" data-id=\"6ad3722\" data-element_type=\"column\" data-e-type=\"column\">\n\t\t\t<div class=\"elementor-widget-wrap\">\n\t\t\t\t\t\t\t<\/div>\n\t\t<\/div>\n\t\t\t\t\t<\/div>\n\t\t<\/section>\n\t\t\t\t<section class=\"elementor-section elementor-top-section elementor-element elementor-element-9ac2bf8 elementor-section-stretched elementor-section-boxed elementor-section-height-default elementor-section-height-default\" data-id=\"9ac2bf8\" data-element_type=\"section\" data-e-type=\"section\" data-settings=\"{&quot;stretch_section&quot;:&quot;section-stretched&quot;}\">\n\t\t\t\t\t\t<div class=\"elementor-container elementor-column-gap-default\">\n\t\t\t\t\t<div class=\"elementor-column elementor-col-33 elementor-top-column elementor-element elementor-element-fcaee8b\" data-id=\"fcaee8b\" data-element_type=\"column\" data-e-type=\"column\">\n\t\t\t<div class=\"elementor-widget-wrap\">\n\t\t\t\t\t\t\t<\/div>\n\t\t<\/div>\n\t\t\t\t<div class=\"elementor-column elementor-col-33 elementor-top-column elementor-element elementor-element-a3cd517\" data-id=\"a3cd517\" data-element_type=\"column\" data-e-type=\"column\">\n\t\t\t<div class=\"elementor-widget-wrap\">\n\t\t\t\t\t\t\t<\/div>\n\t\t<\/div>\n\t\t\t\t<div class=\"elementor-column elementor-col-33 elementor-top-column elementor-element elementor-element-02ce9a6\" data-id=\"02ce9a6\" data-element_type=\"column\" data-e-type=\"column\">\n\t\t\t<div class=\"elementor-widget-wrap\">\n\t\t\t\t\t\t\t<\/div>\n\t\t<\/div>\n\t\t\t\t\t<\/div>\n\t\t<\/section>\n\t\t\t\t<section class=\"elementor-section elementor-top-section elementor-element elementor-element-b451f30 elementor-section-stretched elementor-section-boxed elementor-section-height-default elementor-section-height-default\" data-id=\"b451f30\" data-element_type=\"section\" data-e-type=\"section\" data-settings=\"{&quot;stretch_section&quot;:&quot;section-stretched&quot;}\">\n\t\t\t\t\t\t<div class=\"elementor-container elementor-column-gap-default\">\n\t\t\t\t\t<div class=\"elementor-column elementor-col-33 elementor-top-column elementor-element elementor-element-4421c96\" data-id=\"4421c96\" data-element_type=\"column\" data-e-type=\"column\">\n\t\t\t<div class=\"elementor-widget-wrap\">\n\t\t\t\t\t\t\t<\/div>\n\t\t<\/div>\n\t\t\t\t<div class=\"elementor-column elementor-col-33 elementor-top-column elementor-element elementor-element-0eaec3a\" data-id=\"0eaec3a\" data-element_type=\"column\" data-e-type=\"column\">\n\t\t\t<div class=\"elementor-widget-wrap\">\n\t\t\t\t\t\t\t<\/div>\n\t\t<\/div>\n\t\t\t\t<div class=\"elementor-column elementor-col-33 elementor-top-column elementor-element elementor-element-f5ba20c\" data-id=\"f5ba20c\" data-element_type=\"column\" data-e-type=\"column\">\n\t\t\t<div class=\"elementor-widget-wrap\">\n\t\t\t\t\t\t\t<\/div>\n\t\t<\/div>\n\t\t\t\t\t<\/div>\n\t\t<\/section>\n\t\t\t\t<\/div>\n\t\t","protected":false},"excerpt":{"rendered":"<p>Brawo Camerata! Troch\u0119 opery, operetki, nieco muzyki pop i kilka muzycznych niespodzianek. Taki by\u0142 doroczny koncert orkiestry kameralnej Camerata Mazovia pod batut\u0105 Artura Komorowskiego. Wyst\u0119p odby\u0142 si\u0119 13 stycznia, w wype\u0142nionej do ostatniego siedz\u0105cego i stoj\u0105cego miejsca&#8230; Dwana\u015bcie koncert\u00f3w&#8230; Od lat jest jedn\u0105 z wizyt\u00f3wek Sochaczewa. Stale rozwija swoje umiej\u0119tno\u015bci, wzbogaca repertuar, dostarcza mieszka\u0144com artystycznych wzrusze\u0144. Kilkana\u015bcie dni temu da\u0142a&hellip;<\/p>\n","protected":false},"author":1,"featured_media":0,"parent":0,"menu_order":0,"comment_status":"closed","ping_status":"closed","template":"","meta":{"footnotes":""},"class_list":["post-413","page","type-page","status-publish","hentry"],"_links":{"self":[{"href":"https:\/\/cameratamazovia.pl\/index.php?rest_route=\/wp\/v2\/pages\/413","targetHints":{"allow":["GET"]}}],"collection":[{"href":"https:\/\/cameratamazovia.pl\/index.php?rest_route=\/wp\/v2\/pages"}],"about":[{"href":"https:\/\/cameratamazovia.pl\/index.php?rest_route=\/wp\/v2\/types\/page"}],"author":[{"embeddable":true,"href":"https:\/\/cameratamazovia.pl\/index.php?rest_route=\/wp\/v2\/users\/1"}],"replies":[{"embeddable":true,"href":"https:\/\/cameratamazovia.pl\/index.php?rest_route=%2Fwp%2Fv2%2Fcomments&post=413"}],"version-history":[{"count":4,"href":"https:\/\/cameratamazovia.pl\/index.php?rest_route=\/wp\/v2\/pages\/413\/revisions"}],"predecessor-version":[{"id":464,"href":"https:\/\/cameratamazovia.pl\/index.php?rest_route=\/wp\/v2\/pages\/413\/revisions\/464"}],"wp:attachment":[{"href":"https:\/\/cameratamazovia.pl\/index.php?rest_route=%2Fwp%2Fv2%2Fmedia&parent=413"}],"curies":[{"name":"wp","href":"https:\/\/api.w.org\/{rel}","templated":true}]}}