{"id":360,"date":"2019-02-20T06:29:45","date_gmt":"2019-02-20T05:29:45","guid":{"rendered":"http:\/\/cameratamazovia.pl\/?page_id=360"},"modified":"2019-02-20T06:39:32","modified_gmt":"2019-02-20T05:39:32","slug":"kalendarium","status":"publish","type":"page","link":"https:\/\/cameratamazovia.pl\/?page_id=360","title":{"rendered":"Kalendarium"},"content":{"rendered":"\t\t<div data-elementor-type=\"wp-post\" data-elementor-id=\"360\" class=\"elementor elementor-360 elementor-bc-flex-widget\">\n\t\t\t\t\t\t<section class=\"elementor-section elementor-top-section elementor-element elementor-element-77843f3 elementor-section-full_width elementor-section-height-default elementor-section-height-default\" data-id=\"77843f3\" data-element_type=\"section\" data-e-type=\"section\" data-settings=\"{&quot;background_background&quot;:&quot;classic&quot;}\">\n\t\t\t\t\t\t<div class=\"elementor-container elementor-column-gap-default\">\n\t\t\t\t\t<div class=\"elementor-column elementor-col-100 elementor-top-column elementor-element elementor-element-a36dda9\" data-id=\"a36dda9\" data-element_type=\"column\" data-e-type=\"column\">\n\t\t\t<div class=\"elementor-widget-wrap elementor-element-populated\">\n\t\t\t\t\t\t<div class=\"elementor-element elementor-element-9c0a575 elementor-widget elementor-widget-text-editor\" data-id=\"9c0a575\" data-element_type=\"widget\" data-e-type=\"widget\" data-widget_type=\"text-editor.default\">\n\t\t\t\t<div class=\"elementor-widget-container\">\n\t\t\t\t\t\t\t\t\t<p>\u00a0<\/p><p style=\"margin-bottom: 0cm;\">W ka\u017cdym sezonie artystycznym orkiestra realizuje wiele r\u00f3\u017cnorodnych przedsi\u0119wzi\u0119\u0107, w tym koncerty kameralne, symfoniczne, edukacyjne, plenerowe. Przy wsp\u00f3\u0142pracy z Miastem Sochaczew zesp\u00f3\u0142 bierze udzia\u0142 w wielu wspania\u0142ych wydarzeniach s\u0105 to koncerty noworoczne, karnawa\u0142owe, koncerty muzyki sakralnej w sochaczewskich ko\u015bcio\u0142ach, koncerty o charakterze patriotycznym czy nowatorskie projekty multimedialne . <\/p><p style=\"margin-bottom: 0cm;\">\u00a0<\/p><p style=\"margin-bottom: 0cm;\">W 2019 roku przypada jubileusz 15-lecia orkiestry \u2013 przewidujemy zagra\u0107 z tej okazji 11 specjalnych koncert\u00f3w, w r\u00f3\u017cnych miejscach i z odmiennym repertuarem, a ka\u017cdy z nich b\u0119dzie mia\u0142 odr\u0119bny temat przewodni. Przez ca\u0142y rok chcemy zaoferowa\u0107 szerokiej publiczno\u015bci du\u017co artystycznych emocji. Szczeg\u00f3\u0142y znajd\u0105 Pa\u0144stwo w kalendarium orkiestry.<\/p><p style=\"margin-bottom: 0cm;\">\u00a0<\/p>\t\t\t\t\t\t\t\t<\/div>\n\t\t\t\t<\/div>\n\t\t\t\t\t<\/div>\n\t\t<\/div>\n\t\t\t\t\t<\/div>\n\t\t<\/section>\n\t\t\t\t<\/div>\n\t\t","protected":false},"excerpt":{"rendered":"<p>\u00a0 W ka\u017cdym sezonie artystycznym orkiestra realizuje wiele r\u00f3\u017cnorodnych przedsi\u0119wzi\u0119\u0107, w tym koncerty kameralne, symfoniczne, edukacyjne, plenerowe. Przy wsp\u00f3\u0142pracy z Miastem Sochaczew zesp\u00f3\u0142 bierze udzia\u0142 w wielu wspania\u0142ych wydarzeniach s\u0105 to koncerty noworoczne, karnawa\u0142owe, koncerty muzyki sakralnej w sochaczewskich ko\u015bcio\u0142ach, koncerty o charakterze patriotycznym czy nowatorskie projekty multimedialne . \u00a0 W 2019 roku przypada jubileusz 15-lecia orkiestry \u2013 przewidujemy zagra\u0107&hellip;<\/p>\n","protected":false},"author":1,"featured_media":0,"parent":0,"menu_order":0,"comment_status":"closed","ping_status":"closed","template":"","meta":{"footnotes":""},"class_list":["post-360","page","type-page","status-publish","hentry"],"_links":{"self":[{"href":"https:\/\/cameratamazovia.pl\/index.php?rest_route=\/wp\/v2\/pages\/360","targetHints":{"allow":["GET"]}}],"collection":[{"href":"https:\/\/cameratamazovia.pl\/index.php?rest_route=\/wp\/v2\/pages"}],"about":[{"href":"https:\/\/cameratamazovia.pl\/index.php?rest_route=\/wp\/v2\/types\/page"}],"author":[{"embeddable":true,"href":"https:\/\/cameratamazovia.pl\/index.php?rest_route=\/wp\/v2\/users\/1"}],"replies":[{"embeddable":true,"href":"https:\/\/cameratamazovia.pl\/index.php?rest_route=%2Fwp%2Fv2%2Fcomments&post=360"}],"version-history":[{"count":6,"href":"https:\/\/cameratamazovia.pl\/index.php?rest_route=\/wp\/v2\/pages\/360\/revisions"}],"predecessor-version":[{"id":372,"href":"https:\/\/cameratamazovia.pl\/index.php?rest_route=\/wp\/v2\/pages\/360\/revisions\/372"}],"wp:attachment":[{"href":"https:\/\/cameratamazovia.pl\/index.php?rest_route=%2Fwp%2Fv2%2Fmedia&parent=360"}],"curies":[{"name":"wp","href":"https:\/\/api.w.org\/{rel}","templated":true}]}}