{"id":3,"date":"2019-02-17T21:10:31","date_gmt":"2019-02-17T21:10:31","guid":{"rendered":"http:\/\/wp-4-9-8.autoinstalator.eu\/?page_id=3"},"modified":"2019-02-20T06:55:30","modified_gmt":"2019-02-20T05:55:30","slug":"polityka-prywatnosci","status":"publish","type":"page","link":"https:\/\/cameratamazovia.pl\/?page_id=3","title":{"rendered":"Polityka prywatno\u015bci"},"content":{"rendered":"<h2>Orkiestra Kameralna Camerata Mazovia<\/h2>\n<p>Adres naszej strony internetowej to: www.cameratamazovia.pl<\/p>\n<h2>Jakie dane osobiste zbieramy i dlaczego je zbieramy<\/h2>\n<h3>Media<\/h3>\n<p>Je\u015bli jeste\u015b zarejestrowanym u\u017cytkownikiem i wgrywasz na witryn\u0119 obrazki, powiniene\u015b unika\u0107 przesy\u0142ania obrazk\u00f3w z tagami EXIF lokalizacji. Odwiedzaj\u0105cy stron\u0119 mog\u0105 pobra\u0107 i odczyta\u0107 pe\u0142ne dane lokalizacyjne z obrazk\u00f3w w witrynie.<\/p>\n<h3>Formularze kontaktowe<\/h3>\n<h3>Ciasteczka<\/h3>\n<p>Je\u015bli masz konto i zalogujesz si\u0119 na tej witrynie, utworzymy tymczasowe ciasteczko na potrzeby sprawdzenia czy twoja przegl\u0105darka akceptuje ciasteczka. To ciasteczko nie zawiera \u017cadnych danych osobistych i zostanie wyrzucone kiedy zamkniesz przegl\u0105dark\u0119.<\/p>\n<p>Podczas logowania tworzymy dodatkowo kilka ciasteczek potrzebnych do zapisu twoich informacji logowania oraz wybranych opcji ekranu. Ciasteczka logowania wygasaj\u0105 po dw\u00f3ch dniach, a opcji ekranu po roku. Je\u015bli zaznaczysz opcj\u0119 \u201ePami\u0119taj mnie\u201d, logowanie wyga\u015bnie po dw\u00f3ch tygodniach. Je\u015bli wylogujesz si\u0119 ze swojego konta, ciasteczka logowania zostan\u0105 usuni\u0119te.<\/p>\n<p>Je\u015bli zmodyfikujesz albo opublikujesz artyku\u0142, w twojej przegl\u0105darce zostanie zapisane dodatkowe ciasteczko. To ciasteczko nie zawiera \u017cadnych danych osobistych, wskazuj\u0105c po prostu na identyfikator przed chwil\u0105 edytowanego artyku\u0142u. Wygasa ono po 1 dniu.<\/p>\n<h3>Osadzone tre\u015bci z innych witryn<\/h3>\n<p>Artyku\u0142y na tej witrynie mog\u0105 zawiera\u0107 osadzone tre\u015bci (np. filmy, obrazki, artyku\u0142y itp.). Osadzone tre\u015bci z innych witryn zachowuj\u0105 si\u0119 analogicznie do tego, jakby u\u017cytkownik odwiedzi\u0142 bezpo\u015brednio konkretn\u0105 witryn\u0119.<\/p>\n<p>These websites may collect data about you, use cookies, embed additional third-party tracking, and monitor your interaction with that embedded content, including tracking your interaction with the embedded content if you have an account and are logged in to that website.<\/p>\n<h3>Analiza statystyk<\/h3>\n<h2>Jak d\u0142ugo przechowujemy twoje dane<\/h2>\n<p>Dla u\u017cytkownik\u00f3w kt\u00f3rzy zarejestrowali si\u0119 na naszej stronie internetowej (je\u015bli tacy s\u0105), przechowujemy r\u00f3wnie\u017c informacje osobiste wprowadzone w profilu. Ka\u017cdy u\u017cytkownik mo\u017ce dokona\u0107 wgl\u0105du, korekty albo skasowa\u0107 swoje informacje osobiste w dowolnej chwili (nie licz\u0105c nazwy u\u017cytkownika, kt\u00f3rej nie mo\u017cna zmieni\u0107). Administratorzy strony r\u00f3wnie\u017c mog\u0105 przegl\u0105da\u0107 i modyfikowa\u0107 te informacje.<\/p>\n<h2>Jakie masz prawa do swoich danych<\/h2>\n<p>Je\u015bli masz konto u\u017cytkownika albo doda\u0142e\u015b komentarze w tej witrynie, mo\u017cesz za\u017c\u0105da\u0107 dostarczenia pliku z wyeksportowanym kompletem twoich danych osobistych b\u0119d\u0105cych w naszym posiadaniu, w tym ca\u0142o\u015b\u0107 tych dostarczonych przez ciebie. Mo\u017cesz r\u00f3wnie\u017c za\u017c\u0105da\u0107 usuni\u0119cia przez nas ca\u0142o\u015bci twoich danych osobistych w naszym posiadaniu. Nie dotyczy to \u017cadnych danych kt\u00f3re jeste\u015bmy zobligowani zachowa\u0107 ze wzgl\u0119d\u00f3w administracyjnych, prawnych albo bezpiecze\u0144stwa.<\/p>\n<h3><\/h3>\n","protected":false},"excerpt":{"rendered":"<p>Orkiestra Kameralna Camerata Mazovia Adres naszej strony internetowej to: www.cameratamazovia.pl Jakie dane osobiste zbieramy i dlaczego je zbieramy Media Je\u015bli jeste\u015b zarejestrowanym u\u017cytkownikiem i wgrywasz na witryn\u0119 obrazki, powiniene\u015b unika\u0107 przesy\u0142ania obrazk\u00f3w z tagami EXIF lokalizacji. Odwiedzaj\u0105cy stron\u0119 mog\u0105 pobra\u0107 i odczyta\u0107 pe\u0142ne dane lokalizacyjne z obrazk\u00f3w w witrynie. Formularze kontaktowe Ciasteczka Je\u015bli masz konto i zalogujesz si\u0119 na tej&hellip;<\/p>\n","protected":false},"author":1,"featured_media":0,"parent":0,"menu_order":0,"comment_status":"closed","ping_status":"open","template":"","meta":{"footnotes":""},"class_list":["post-3","page","type-page","status-publish","hentry"],"_links":{"self":[{"href":"https:\/\/cameratamazovia.pl\/index.php?rest_route=\/wp\/v2\/pages\/3","targetHints":{"allow":["GET"]}}],"collection":[{"href":"https:\/\/cameratamazovia.pl\/index.php?rest_route=\/wp\/v2\/pages"}],"about":[{"href":"https:\/\/cameratamazovia.pl\/index.php?rest_route=\/wp\/v2\/types\/page"}],"author":[{"embeddable":true,"href":"https:\/\/cameratamazovia.pl\/index.php?rest_route=\/wp\/v2\/users\/1"}],"replies":[{"embeddable":true,"href":"https:\/\/cameratamazovia.pl\/index.php?rest_route=%2Fwp%2Fv2%2Fcomments&post=3"}],"version-history":[{"count":1,"href":"https:\/\/cameratamazovia.pl\/index.php?rest_route=\/wp\/v2\/pages\/3\/revisions"}],"predecessor-version":[{"id":378,"href":"https:\/\/cameratamazovia.pl\/index.php?rest_route=\/wp\/v2\/pages\/3\/revisions\/378"}],"wp:attachment":[{"href":"https:\/\/cameratamazovia.pl\/index.php?rest_route=%2Fwp%2Fv2%2Fmedia&parent=3"}],"curies":[{"name":"wp","href":"https:\/\/api.w.org\/{rel}","templated":true}]}}