{"id":26,"date":"2019-02-19T01:55:45","date_gmt":"2019-02-19T00:55:45","guid":{"rendered":"http:\/\/cameratamazovia.pl\/?page_id=26"},"modified":"2019-02-19T01:55:45","modified_gmt":"2019-02-19T00:55:45","slug":"%ef%bb%bf2005","status":"publish","type":"page","link":"https:\/\/cameratamazovia.pl\/?page_id=26","title":{"rendered":"\ufeff2005"},"content":{"rendered":"\n<p class=\"has-drop-cap has-medium-font-size\">W\n2005 roku orkiestra mia\u0142a okazj\u0119 zaprezentowa\u0107 si\u0119 przed\npubliczno\u015bci\u0105 w Wielkiej Brytanii, w ramach wymiany kulturalnej\nmi\u0119dzy miastami bli\u017aniaczymi Sochaczew &#8211;  Melton. W\npa\u017adzierniku\nodby\u0142 si\u0119 wyjazd do miejscowo\u015bci Melton Mowbray w Wielkiej\nBrytanii. Dzi\u0119ki wsp\u00f3\u0142pracy samorz\u0105d\u00f3w obu miast w delegacji tej\nuczestniczy\u0142a nasza orkiestra wykonuj\u0105c trzy koncerty, na kt\u00f3rych\nprezentowali\u015bmy tak\u017ce tw\u00f3rczo\u015b\u0107 polskich kompozytor\u00f3w.<\/p>\n","protected":false},"excerpt":{"rendered":"<p>W 2005 roku orkiestra mia\u0142a okazj\u0119 zaprezentowa\u0107 si\u0119 przed publiczno\u015bci\u0105 w Wielkiej Brytanii, w ramach wymiany kulturalnej mi\u0119dzy miastami bli\u017aniaczymi Sochaczew &#8211; Melton. W pa\u017adzierniku odby\u0142 si\u0119 wyjazd do miejscowo\u015bci Melton Mowbray w Wielkiej Brytanii. Dzi\u0119ki wsp\u00f3\u0142pracy samorz\u0105d\u00f3w obu miast w delegacji tej uczestniczy\u0142a nasza orkiestra wykonuj\u0105c trzy koncerty, na kt\u00f3rych prezentowali\u015bmy tak\u017ce tw\u00f3rczo\u015b\u0107 polskich kompozytor\u00f3w.<\/p>\n","protected":false},"author":1,"featured_media":0,"parent":0,"menu_order":0,"comment_status":"closed","ping_status":"closed","template":"","meta":{"footnotes":""},"class_list":["post-26","page","type-page","status-publish","hentry"],"_links":{"self":[{"href":"https:\/\/cameratamazovia.pl\/index.php?rest_route=\/wp\/v2\/pages\/26","targetHints":{"allow":["GET"]}}],"collection":[{"href":"https:\/\/cameratamazovia.pl\/index.php?rest_route=\/wp\/v2\/pages"}],"about":[{"href":"https:\/\/cameratamazovia.pl\/index.php?rest_route=\/wp\/v2\/types\/page"}],"author":[{"embeddable":true,"href":"https:\/\/cameratamazovia.pl\/index.php?rest_route=\/wp\/v2\/users\/1"}],"replies":[{"embeddable":true,"href":"https:\/\/cameratamazovia.pl\/index.php?rest_route=%2Fwp%2Fv2%2Fcomments&post=26"}],"version-history":[{"count":2,"href":"https:\/\/cameratamazovia.pl\/index.php?rest_route=\/wp\/v2\/pages\/26\/revisions"}],"predecessor-version":[{"id":81,"href":"https:\/\/cameratamazovia.pl\/index.php?rest_route=\/wp\/v2\/pages\/26\/revisions\/81"}],"wp:attachment":[{"href":"https:\/\/cameratamazovia.pl\/index.php?rest_route=%2Fwp%2Fv2%2Fmedia&parent=26"}],"curies":[{"name":"wp","href":"https:\/\/api.w.org\/{rel}","templated":true}]}}