{"id":1140,"date":"2022-09-15T00:30:34","date_gmt":"2022-09-14T22:30:34","guid":{"rendered":"http:\/\/cameratamazovia.pl\/?page_id=1140"},"modified":"2022-09-15T00:30:37","modified_gmt":"2022-09-14T22:30:37","slug":"viva-la-vita-koncert-galowy-orkiestry-kameralnej","status":"publish","type":"page","link":"https:\/\/cameratamazovia.pl\/?page_id=1140","title":{"rendered":"VIVA LA VITA \u2013 KONCERT GALOWY ORKIESTRY KAMERALNEJ"},"content":{"rendered":"\n<p>Sochaczewskie Centrum Kultury zaprasza serdecznie 18 wrze\u015bnia o godz.19.00 na premier\u0119 online Koncertu Galowego Orkiestry Kameralnej CAMERATA MAZOVIA \u201cViva la Vita!\u201d pod dyr. Artura Komorowskiego. Koncert odby\u0142 si\u0119 12 czerwca w amfiteatrze, z okazji \u015awi\u0119ta Mieszka\u0144c\u00f3w \u2013 Dni Sochaczewa 2022.<\/p>\n\n\n\n<p><\/p>\n\n\n\n<figure class=\"wp-block-embed is-type-video is-provider-youtube wp-block-embed-youtube wp-embed-aspect-16-9 wp-has-aspect-ratio\"><div class=\"wp-block-embed__wrapper\">\n<iframe title=\"Koncert Galowy Orkiestry Kameralnej CAMERATA MAZOVIA: \u015awi\u0119to Mieszka\u0144c\u00f3w - Dni Sochaczewa 2022\" width=\"500\" height=\"281\" src=\"https:\/\/www.youtube.com\/embed\/ZzoqntKwq4s?feature=oembed\" frameborder=\"0\" allow=\"accelerometer; autoplay; clipboard-write; encrypted-media; gyroscope; picture-in-picture; web-share\" referrerpolicy=\"strict-origin-when-cross-origin\" allowfullscreen><\/iframe>\n<\/div><\/figure>\n\n\n\n<p>W repertuarze koncertu lubiane przeboje muzyki filmowej, gor\u0105ce rytmy w stylu latynoameryka\u0144skim oraz \u015bwiatowe hity w wykonaniu zaproszonych go\u015bci: Laury Godziejewskiej, Darii Kobiereckiej oraz Erica Folly. Muzykom i solistom towarzyszyli na scenie mistrzowie ta\u0144ca towarzyskiego ze Szko\u0142y Ta\u0144ca Pasjonat oraz m\u0142odzi tw\u00f3rcy z Teatru Maska SCK. Wi\u0119kszo\u015b\u0107 aran\u017cacji orkiestrowych to dzie\u0142o znakomitego pianisty i prof. Akademii Muzycznej im. G. i K. Bacewicz\u00f3w w \u0141odzi Adama Manijaka.<\/p>\n\n\n\n<p><br>Koncert \u201eViva la vita\u201d odby\u0142 si\u0119 pod Patronatem Honorowym Burmistrza Miasta Sochaczew.<\/p>\n\n\n\n<p><br>Utwory:<br>Conga del fuego nuevo \u2013 muz. Arturo Marquez \u2013 arr. A. Manijak<br>Girl from Ipanema \u2013 muz. A.C Jobim, s\u0142. Norman Gimbel \u2013 arr. A. Manijak<br>Jak na lotni \u2013 muz. Waldemar \u015awiergiel, s\u0142. A. Sobczak \u2013 arr. A.Manijak<br>La vie en rose \u2013 muz. Louiguy and Marguerite Monnot, s\u0142. Edith Piaf \u2013 arr. M. Werner<br>James Bond: Dr. NO \u2013 muz. Monty Norman- Skyfall \u2013 muz. Thomas Mewman- Live and Let Die \u2013 muz. George Martin \u2013 arr. A. Manijak<br>\u017bycie jest pi\u0119kne \u2013 muz. Nicola Piovani \u2013 arr. A Manijak<br>New York, New York \u2013 muz. John Kander, s\u0142. Fred Ebba \u2013 arr. A. Manijak<br>Champs Elisee \u2013 muz. Michael Wilshaw, s\u0142. Pierre Delano\u00eb, Michael Deighan- arr. M. Werner<br>Out the window \u2013 muz. i s\u0142. Jazzmeia Horn- arr. A. Manijak<br>Georgia on my Mind \u2013 muz. Hoagy Carmichael, s\u0142. Stuart Gorrell- arr. A. Manijak<br>Children of Sanchez \u2013 muz. Chack Mangione \u2013 arr. A. Manijak<br>Over the Rainbow \u2013 muz. Harold Arlen, s\u0142. Yip Harburg- arr. A. Manijak<br>Stand By Me \u2013 muz. Ben K. Kinng, Jerry Leiber, Mike Stoller- arr. A. Manijak<br>Hey Jude \u2013 muz. John Lennon\/Paul McCartney, s\u0142. Poul McCartney- arr. A. Manijak<br>Samba di Orfeo medley \u2013 Brazil \u2013 Tristeza \u2013 arr. A. Manijak<br>Mamma Mia \u2013 muz. i s\u0142. Benny Andersson, Bj\u00f6rn Ulvaeus &amp; Stig Anderson- arr. A. Manijak<br>Know You By Heart \u2013 muz. Dave Koz, Skip Ewing \u2013 arr. A. Manijak<\/p>\n\n\n\n<p><br>Produkcja: Sochaczewskie Centrum Kultury<\/p>\n","protected":false},"excerpt":{"rendered":"<p>Sochaczewskie Centrum Kultury zaprasza serdecznie 18 wrze\u015bnia o godz.19.00 na premier\u0119 online Koncertu Galowego Orkiestry Kameralnej CAMERATA MAZOVIA \u201cViva la Vita!\u201d pod dyr. Artura Komorowskiego. Koncert odby\u0142 si\u0119 12 czerwca w amfiteatrze, z okazji \u015awi\u0119ta Mieszka\u0144c\u00f3w \u2013 Dni Sochaczewa 2022. W repertuarze koncertu lubiane przeboje muzyki filmowej, gor\u0105ce rytmy w stylu latynoameryka\u0144skim oraz \u015bwiatowe hity w wykonaniu zaproszonych go\u015bci: Laury&hellip;<\/p>\n","protected":false},"author":1,"featured_media":0,"parent":0,"menu_order":0,"comment_status":"closed","ping_status":"closed","template":"","meta":{"footnotes":""},"class_list":["post-1140","page","type-page","status-publish","hentry"],"_links":{"self":[{"href":"https:\/\/cameratamazovia.pl\/index.php?rest_route=\/wp\/v2\/pages\/1140","targetHints":{"allow":["GET"]}}],"collection":[{"href":"https:\/\/cameratamazovia.pl\/index.php?rest_route=\/wp\/v2\/pages"}],"about":[{"href":"https:\/\/cameratamazovia.pl\/index.php?rest_route=\/wp\/v2\/types\/page"}],"author":[{"embeddable":true,"href":"https:\/\/cameratamazovia.pl\/index.php?rest_route=\/wp\/v2\/users\/1"}],"replies":[{"embeddable":true,"href":"https:\/\/cameratamazovia.pl\/index.php?rest_route=%2Fwp%2Fv2%2Fcomments&post=1140"}],"version-history":[{"count":1,"href":"https:\/\/cameratamazovia.pl\/index.php?rest_route=\/wp\/v2\/pages\/1140\/revisions"}],"predecessor-version":[{"id":1142,"href":"https:\/\/cameratamazovia.pl\/index.php?rest_route=\/wp\/v2\/pages\/1140\/revisions\/1142"}],"wp:attachment":[{"href":"https:\/\/cameratamazovia.pl\/index.php?rest_route=%2Fwp%2Fv2%2Fmedia&parent=1140"}],"curies":[{"name":"wp","href":"https:\/\/api.w.org\/{rel}","templated":true}]}}