{"id":1086,"date":"2019-12-19T21:17:54","date_gmt":"2019-12-19T20:17:54","guid":{"rendered":"http:\/\/cameratamazovia.pl\/?page_id=1086"},"modified":"2020-01-08T16:31:42","modified_gmt":"2020-01-08T15:31:42","slug":"premiera-naszego-albumu","status":"publish","type":"page","link":"https:\/\/cameratamazovia.pl\/?page_id=1086","title":{"rendered":"Premiera naszego albumu"},"content":{"rendered":"\n<p class=\"has-drop-cap has-medium-font-size\"><strong>Sochaczewskie Centrum Kultury zaprasza na uroczyst\u0105 premier\u0119 p\u0142yty Orkiestry Kameralnej Camerata Mazovia &#8222;\u017bycie jest pi\u0119kne&#8221; &#8211; live. Premiera odb\u0119dzie si\u0119 12 stycznia w trakcie Koncertu Noworocznego z cyklu &#8222;Burmistrz miasta zaprasza &#8230;&#8221; w SCK przy ul. 15 Sierpnia 83 o godz. 19.00. Album zawiera najgor\u0119cej oklaskiwane utwory z dw\u00f3ch najwi\u0119kszych koncert\u00f3w zarejestrowanych w 2019 roku w ramach 15-lecia istnienia orkiestry. To blisko godzinna uczta muzyczna w najlepszym wydaniu. <\/strong><\/p>\n\n\n\n<p class=\"has-medium-font-size\"><br>&#8222;\u017bycie jest pi\u0119kne&#8221; to jedna z najbardziej wyczekiwanych p\u0142yt muzycznych na sochaczewskim rynku. Us\u0142yszymy na niej znane i lubiane utwory klasyczne oraz znakomite interpretacje muzyki filmowej. S\u0142owem, najlepsze wykonania Orkiestry Kameralnej Camerata Mazovia pod dyr. Artura Komorowskiego, kt\u00f3re sochaczewianie pokochali najbardziej. <\/p>\n\n\n\n<p class=\"has-medium-font-size\"><br>P\u0142yt\u0119 &#8222;\u017bycie jest pi\u0119kne&#8221; b\u0119dzie mo\u017cna naby\u0107 po zako\u0144czeniu koncertu.<\/p>\n\n\n\n<p class=\"has-medium-font-size\"><em>Wst\u0119p wolny tylko z wej\u015bci\u00f3wk\u0105.<\/em><\/p>\n","protected":false},"excerpt":{"rendered":"<p>Sochaczewskie Centrum Kultury zaprasza na uroczyst\u0105 premier\u0119 p\u0142yty Orkiestry Kameralnej Camerata Mazovia &#8222;\u017bycie jest pi\u0119kne&#8221; &#8211; live. Premiera odb\u0119dzie si\u0119 12 stycznia w trakcie Koncertu Noworocznego z cyklu &#8222;Burmistrz miasta zaprasza &#8230;&#8221; w SCK przy ul. 15 Sierpnia 83 o godz. 19.00. Album zawiera najgor\u0119cej oklaskiwane utwory z dw\u00f3ch najwi\u0119kszych koncert\u00f3w zarejestrowanych w 2019 roku w ramach 15-lecia istnienia orkiestry.&hellip;<\/p>\n","protected":false},"author":1,"featured_media":1094,"parent":0,"menu_order":0,"comment_status":"closed","ping_status":"closed","template":"","meta":{"footnotes":""},"class_list":["post-1086","page","type-page","status-publish","has-post-thumbnail","hentry"],"_links":{"self":[{"href":"https:\/\/cameratamazovia.pl\/index.php?rest_route=\/wp\/v2\/pages\/1086","targetHints":{"allow":["GET"]}}],"collection":[{"href":"https:\/\/cameratamazovia.pl\/index.php?rest_route=\/wp\/v2\/pages"}],"about":[{"href":"https:\/\/cameratamazovia.pl\/index.php?rest_route=\/wp\/v2\/types\/page"}],"author":[{"embeddable":true,"href":"https:\/\/cameratamazovia.pl\/index.php?rest_route=\/wp\/v2\/users\/1"}],"replies":[{"embeddable":true,"href":"https:\/\/cameratamazovia.pl\/index.php?rest_route=%2Fwp%2Fv2%2Fcomments&post=1086"}],"version-history":[{"count":4,"href":"https:\/\/cameratamazovia.pl\/index.php?rest_route=\/wp\/v2\/pages\/1086\/revisions"}],"predecessor-version":[{"id":1098,"href":"https:\/\/cameratamazovia.pl\/index.php?rest_route=\/wp\/v2\/pages\/1086\/revisions\/1098"}],"wp:featuredmedia":[{"embeddable":true,"href":"https:\/\/cameratamazovia.pl\/index.php?rest_route=\/wp\/v2\/media\/1094"}],"wp:attachment":[{"href":"https:\/\/cameratamazovia.pl\/index.php?rest_route=%2Fwp%2Fv2%2Fmedia&parent=1086"}],"curies":[{"name":"wp","href":"https:\/\/api.w.org\/{rel}","templated":true}]}}